{"id":1059,"date":"2021-02-22T20:31:46","date_gmt":"2021-02-22T19:31:46","guid":{"rendered":"https:\/\/ibsophrologie.fr\/?page_id=1059"},"modified":"2024-04-10T13:37:54","modified_gmt":"2024-04-10T11:37:54","slug":"massage-sonore-lart-de-se-detendre-par-les-sons","status":"publish","type":"page","link":"https:\/\/ibsophrologie.fr\/index.php\/massage-sonore-lart-de-se-detendre-par-les-sons\/","title":{"rendered":"Sonoth\u00e9rapie"},"content":{"rendered":"\n<h5><strong>L\u2019art de se d\u00e9tendre par les sons<\/strong><\/h5>\n<p style=\"text-align: justify;\"><span style=\"color: #808080;\"><img loading=\"lazy\" decoding=\"async\" class=\"wp-image-1949 alignleft\" src=\"https:\/\/ibsophrologie.fr\/wp-content\/uploads\/2022\/11\/bain-sonore-300x225.jpeg\" alt=\"\" width=\"192\" height=\"144\" srcset=\"https:\/\/ibsophrologie.fr\/wp-content\/uploads\/2022\/11\/bain-sonore-300x225.jpeg 300w, https:\/\/ibsophrologie.fr\/wp-content\/uploads\/2022\/11\/bain-sonore.jpeg 639w\" sizes=\"auto, (max-width: 192px) 85vw, 192px\" \/>La <strong>Sonoth\u00e9rapie<\/strong>, c\u2019est un <strong>accompagnement de soin \u00e9nerg\u00e9tique<\/strong> qui utilise les vibrations sonores de certains instruments tels que les <strong>bols tib\u00e9tains (chantants) ou de cristal, le gong, les carillons<\/strong> et ce, pour favoriser un laisser &#8211; \u00eatre physique et mental dans tout le corps.<br \/><\/span><span style=\"color: #808080;\">Elle est b\u00e9n\u00e9fique pour traiter le <strong>stress<\/strong>, l&rsquo;<strong>anxi\u00e9t\u00e9, la d\u00e9pression, la douleur physique, les troubles du sommeil, la fatigue chronique, les probl\u00e8mes de digestion, les troubles de l&rsquo;humeur, les probl\u00e8mes de concentration et de m\u00e9moire.<\/strong><\/span><\/p>\n<p style=\"text-align: justify;\"><span style=\"color: #808080; font-size: revert;\">La <\/span><strong style=\"color: #808080; font-size: revert;\">Sonoth\u00e9rapie<\/strong><span style=\"color: #808080; font-size: revert;\"> induit un \u00e9tat profond de <strong>relaxation musculaire<\/strong> en stimulant le syst\u00e8me nerveux parasympathique, qui est responsable de la d\u00e9tente et de la r\u00e9g\u00e9n\u00e9ration du corps.<\/span><\/p>\n<p style=\"text-align: justify;\"><span style=\"color: #808080;\">La <strong>th\u00e9rapie par le son<\/strong> est une technique th\u00e9rapeutique qui se base sur le ressenti \u00e0 la fois corporel et \u00e9motionnel des sons.<\/span><\/p>\n<p><strong>Comment ?<\/strong><\/p>\n<p style=\"text-align: justify;\"><span style=\"color: #808080;\"><strong>Pour un Massage Sonore (individuel) :<\/strong> les bols sont pos\u00e9s doucement sur la <img loading=\"lazy\" decoding=\"async\" class=\" wp-image-1421 alignright\" src=\"https:\/\/ibsophrologie.fr\/wp-content\/uploads\/2021\/03\/femme-allongee-bol-300x182.jpg\" alt=\"\" width=\"229\" height=\"139\" srcset=\"https:\/\/ibsophrologie.fr\/wp-content\/uploads\/2021\/03\/femme-allongee-bol-300x182.jpg 300w, https:\/\/ibsophrologie.fr\/wp-content\/uploads\/2021\/03\/femme-allongee-bol.jpg 510w\" sizes=\"auto, (max-width: 229px) 85vw, 229px\" \/> personne habill\u00e9e ou autour du corps, les yeux ferm\u00e9s, allong\u00e9e sur une table de massage ou un futon, puis frapp\u00e9s d\u00e9licatement avec une mailloche.<\/span><\/p>\n<p style=\"text-align: justify;\"><span style=\"color: #808080;\"><strong>Pour un Voyage Sonore (individuel ou en groupe ) :<\/strong> la personne habill\u00e9e, les yeux ferm\u00e9s, est allong\u00e9e sur un futon ou sur un tapis de yoga, puis l&rsquo;invitation est de plonger dans un doux voyage int\u00e9rieur au rythme des diff\u00e9rents sons du Gong, des Bols tib\u00e9tains, des Carillons, du Tambour chamanique, de la Fl\u00fbte Am\u00e9riendienne, du B\u00e2ton de pluie.<\/span><\/p>\n<p><strong>Pour qui ? <br \/><\/strong><span style=\"color: #808080;\">C\u2019est une pratique th\u00e9rapeutique qui <strong>s\u2019adapte \u00e0 tous<\/strong>, <em>(sauf femmes enceintes de moins de 3 mois et personnes d\u00e9tentrices d\u2019un pacemaker).<\/em><\/span><\/p>\n<p><strong>Tarifs Massage Sonore ou Voyage sonore (individuel) <\/strong><strong>en cabinet 75019 Paris<\/strong><strong><br \/><\/strong>Dur\u00e9e : 45 min- 50\u20ac\u00a0\u00a0<br \/>Dur\u00e9e : 1 h &#8211; 65\u20ac\u00a0\u00a0<br \/>Dur\u00e9e : 1h30 &#8211; 80\u20ac\u00a0 inclus Massage Sonore ou Voyage Sonore + au choix Massage Kansu (massage des pieds) ou S\u00e9ance de sophrologie \u00e0 d\u00e9terminer ensemble\u00a0<\/p>\n<p><strong>Tarif\u00a0 Voyage Sonore en groupe en cabinet 75019 Paris ou \u00e0 votre domicile<br \/>Dur\u00e9e : <\/strong>1 h- 20\u20ac\u00a0 par personne<\/p>\n<p><strong>Les principes :<br \/><\/strong><span style=\"color: #808080;\">Gr\u00e2ce \u00e0 l\u2019eau qui compose le corps humain \u00e0 80%, ces <strong>fr\u00e9quences vibratoires<\/strong> <strong>p\u00e9n\u00e8trent<\/strong> <strong>le corps<\/strong> et se r\u00e9pandent dans les <br \/><\/span><span style=\"color: #808080; font-size: revert;\">o<\/span><span style=\"color: #808080;\"><img loading=\"lazy\" decoding=\"async\" class=\" wp-image-1272 alignright\" src=\"https:\/\/ibsophrologie.fr\/wp-content\/uploads\/2021\/02\/Terwagne_TSB_ejection_drop-1024x682-1-300x216.jpg\" alt=\"\" width=\"233\" height=\"168\" srcset=\"https:\/\/ibsophrologie.fr\/wp-content\/uploads\/2021\/02\/Terwagne_TSB_ejection_drop-1024x682-1-300x216.jpg 300w, https:\/\/ibsophrologie.fr\/wp-content\/uploads\/2021\/02\/Terwagne_TSB_ejection_drop-1024x682-1.jpg 419w\" sizes=\"auto, (max-width: 233px) 85vw, 233px\" \/>rganes <strong>pour apaiser les cellules<\/strong>. <\/span><br \/><span style=\"color: #808080;\">Ainsi, ces derni\u00e8res circulent directement vers le cerveau pour plonger le syst\u00e8me nerveux dans un <strong>\u00e9tat d\u2019\u00e9quilibre m\u00e9ditatif favorisant ainsi une d\u00e9tente profonde.<\/strong> <\/span><br \/><br \/><span style=\"color: #808080;\">En harmonie avec le son du bol, <strong>l&rsquo;organisme se synchronise<\/strong>. Les effets, diff\u00e9rents selon les notes et les sensibilit\u00e9s de chacun, se rapprochent d&rsquo;un massage interne.<\/span><\/p>\n<p style=\"text-align: justify;\"><span style=\"color: #808080;\">De ce fait, <strong>le son entre en r\u00e9sonance avec le corps<\/strong> afin de lib\u00e9rer les tensions et ainsi r\u00e9tablir l\u2019harmonie. L&rsquo;\u00e9nergie circule de fa\u00e7on plus fluide \u00e0 travers vos cellules vous procurant une sensation d\u2019abandon, de bien-\u00eatre.<\/span><\/p>\n<p style=\"text-align: justify;\"><strong>Comment fonctionnent les vibrations ? <br \/><\/strong><span style=\"color: #808080;\"><strong>Hans Cousto (<\/strong>1948), math\u00e9maticien et musicologue suisse, a d\u00e9couvert<strong> des synergies entre les fr\u00e9quences sonores<\/strong> <strong>\u00e9mises par la rotation des plan\u00e8tes du syst\u00e8me solaire et celles des bols chantants tib\u00e9tains et des diapasons.<\/strong> <\/span><br \/><span style=\"color: #808080;\">S\u00e9lectionn\u00e9es et utilis\u00e9es \u00e0 des fins th\u00e9rapeutiques, ces <strong>fr\u00e9quences<\/strong> agissent sur des parties pr\u00e9cises du corps et de mani\u00e8re \u00e9nerg\u00e9tique dans l\u2019aura.<\/span><\/p>\n<pre style=\"text-align: center;\"><span style=\"color: #333333;\"><span style=\"font-family: 'Arial', sans-serif;\">Laissez - vous tenter, venez vivre l\u2019exp\u00e9rience d\u2019un doux voyage <br \/><\/span><span style=\"font-family: 'Arial', sans-serif;\">en qu\u00eate de votre \u00e9quilibre int\u00e9rieur.<\/span><\/span><\/pre>\n<p style=\"text-align: center;\"><span style=\"color: #808080;\">Prenez R.D.V. 06 72 34 06 69<\/span><\/p>\n<p style=\"text-align: center;\"><span style=\"color: #ffffff; background-color: #808080;\"><a style=\"color: #ffffff; background-color: #808080;\" href=\"https:\/\/ibsophrologie.fr\/index.php\/les-bienfaits\/\">Les bienfaits<\/a><\/span><\/p>\n<p style=\"text-align: justify;\">\u00a0<\/p>\n","protected":false},"excerpt":{"rendered":"<p>L\u2019art de se d\u00e9tendre par les sons La Sonoth\u00e9rapie, c\u2019est un accompagnement de soin \u00e9nerg\u00e9tique qui utilise les vibrations sonores de certains instruments tels que les bols tib\u00e9tains (chantants) ou de cristal, le gong, les carillons et ce, pour favoriser un laisser &#8211; \u00eatre physique et mental dans tout le corps.Elle est b\u00e9n\u00e9fique pour traiter &hellip; <a href=\"https:\/\/ibsophrologie.fr\/index.php\/massage-sonore-lart-de-se-detendre-par-les-sons\/\" class=\"more-link\">Continuer la lecture<span class=\"screen-reader-text\"> de &laquo;&nbsp;Sonoth\u00e9rapie&nbsp;&raquo;<\/span><\/a><\/p>\n","protected":false},"author":1,"featured_media":0,"parent":0,"menu_order":0,"comment_status":"closed","ping_status":"closed","template":"","meta":{"_monsterinsights_skip_tracking":false,"_monsterinsights_sitenote_active":false,"_monsterinsights_sitenote_note":"","_monsterinsights_sitenote_category":0,"footnotes":""},"class_list":["post-1059","page","type-page","status-publish","hentry"],"yoast_head":"<!-- This site is optimized with the Yoast SEO plugin v27.5 - https:\/\/yoast.com\/product\/yoast-seo-wordpress\/ -->\n<title>Sonoth\u00e9rapie - Isabelle Breton 06 72 34 06 69 | Sophrologie - Hypnose - Sonoth\u00e9rapie - Paris 19 | Sp\u00e9cialiste Stress, Poids &amp; Tabac Isabelle Breton 06 72 34 06 69 | Sophrologie - Hypnose - Sonoth\u00e9rapie - Paris 19 | Sp\u00e9cialiste Stress, Poids &amp; Tabac<\/title>\n<meta name=\"description\" content=\"La th\u00e9rapie par le son est une technique th\u00e9rapeutique qui se base sur le ressenti \u00e0 la fois corporel et \u00e9motionnel des sons.\" \/>\n<meta name=\"robots\" content=\"index, follow, max-snippet:-1, max-image-preview:large, max-video-preview:-1\" \/>\n<link rel=\"canonical\" href=\"https:\/\/ibsophrologie.fr\/index.php\/massage-sonore-lart-de-se-detendre-par-les-sons\/\" \/>\n<meta property=\"og:locale\" content=\"fr_FR\" \/>\n<meta property=\"og:type\" content=\"article\" \/>\n<meta property=\"og:title\" content=\"Sonoth\u00e9rapie - Isabelle Breton 06 72 34 06 69 | Sophrologie - Hypnose - Sonoth\u00e9rapie - Paris 19 | Sp\u00e9cialiste Stress, Poids &amp; Tabac Isabelle Breton 06 72 34 06 69 | Sophrologie - Hypnose - Sonoth\u00e9rapie - Paris 19 | Sp\u00e9cialiste Stress, Poids &amp; Tabac\" \/>\n<meta property=\"og:description\" content=\"La th\u00e9rapie par le son est une technique th\u00e9rapeutique qui se base sur le ressenti \u00e0 la fois corporel et \u00e9motionnel des sons.\" \/>\n<meta property=\"og:url\" content=\"https:\/\/ibsophrologie.fr\/index.php\/massage-sonore-lart-de-se-detendre-par-les-sons\/\" \/>\n<meta property=\"og:site_name\" content=\"Isabelle Breton 06 72 34 06 69 | Sophrologie - Hypnose - Sonoth\u00e9rapie - Paris 19 | Sp\u00e9cialiste Stress, Poids &amp; Tabac\" \/>\n<meta property=\"article:modified_time\" content=\"2024-04-10T11:37:54+00:00\" \/>\n<meta property=\"og:image\" content=\"https:\/\/ibsophrologie.fr\/wp-content\/uploads\/2022\/11\/bain-sonore-300x225.jpeg\" \/>\n<meta name=\"twitter:card\" content=\"summary_large_image\" \/>\n<meta name=\"twitter:label1\" content=\"Dur\u00e9e de lecture estim\u00e9e\" \/>\n\t<meta name=\"twitter:data1\" content=\"4 minutes\" \/>\n<script type=\"application\/ld+json\" class=\"yoast-schema-graph\">{\"@context\":\"https:\\\/\\\/schema.org\",\"@graph\":[{\"@type\":\"WebPage\",\"@id\":\"https:\\\/\\\/ibsophrologie.fr\\\/index.php\\\/massage-sonore-lart-de-se-detendre-par-les-sons\\\/\",\"url\":\"https:\\\/\\\/ibsophrologie.fr\\\/index.php\\\/massage-sonore-lart-de-se-detendre-par-les-sons\\\/\",\"name\":\"Sonoth\u00e9rapie - Isabelle Breton 06 72 34 06 69 | Sophrologie - Hypnose - Sonoth\u00e9rapie - Paris 19 | Sp\u00e9cialiste Stress, Poids &amp; Tabac Isabelle Breton 06 72 34 06 69 | Sophrologie - Hypnose - Sonoth\u00e9rapie - Paris 19 | Sp\u00e9cialiste Stress, Poids &amp; Tabac\",\"isPartOf\":{\"@id\":\"https:\\\/\\\/ibsophrologie.fr\\\/#website\"},\"primaryImageOfPage\":{\"@id\":\"https:\\\/\\\/ibsophrologie.fr\\\/index.php\\\/massage-sonore-lart-de-se-detendre-par-les-sons\\\/#primaryimage\"},\"image\":{\"@id\":\"https:\\\/\\\/ibsophrologie.fr\\\/index.php\\\/massage-sonore-lart-de-se-detendre-par-les-sons\\\/#primaryimage\"},\"thumbnailUrl\":\"https:\\\/\\\/ibsophrologie.fr\\\/wp-content\\\/uploads\\\/2022\\\/11\\\/bain-sonore-300x225.jpeg\",\"datePublished\":\"2021-02-22T19:31:46+00:00\",\"dateModified\":\"2024-04-10T11:37:54+00:00\",\"description\":\"La th\u00e9rapie par le son est une technique th\u00e9rapeutique qui se base sur le ressenti \u00e0 la fois corporel et \u00e9motionnel des sons.\",\"breadcrumb\":{\"@id\":\"https:\\\/\\\/ibsophrologie.fr\\\/index.php\\\/massage-sonore-lart-de-se-detendre-par-les-sons\\\/#breadcrumb\"},\"inLanguage\":\"fr-FR\",\"potentialAction\":[{\"@type\":\"ReadAction\",\"target\":[\"https:\\\/\\\/ibsophrologie.fr\\\/index.php\\\/massage-sonore-lart-de-se-detendre-par-les-sons\\\/\"]}]},{\"@type\":\"ImageObject\",\"inLanguage\":\"fr-FR\",\"@id\":\"https:\\\/\\\/ibsophrologie.fr\\\/index.php\\\/massage-sonore-lart-de-se-detendre-par-les-sons\\\/#primaryimage\",\"url\":\"https:\\\/\\\/ibsophrologie.fr\\\/wp-content\\\/uploads\\\/2022\\\/11\\\/bain-sonore.jpeg\",\"contentUrl\":\"https:\\\/\\\/ibsophrologie.fr\\\/wp-content\\\/uploads\\\/2022\\\/11\\\/bain-sonore.jpeg\",\"width\":639,\"height\":479},{\"@type\":\"BreadcrumbList\",\"@id\":\"https:\\\/\\\/ibsophrologie.fr\\\/index.php\\\/massage-sonore-lart-de-se-detendre-par-les-sons\\\/#breadcrumb\",\"itemListElement\":[{\"@type\":\"ListItem\",\"position\":1,\"name\":\"Accueil\",\"item\":\"https:\\\/\\\/ibsophrologie.fr\\\/\"},{\"@type\":\"ListItem\",\"position\":2,\"name\":\"Sonoth\u00e9rapie\"}]},{\"@type\":\"WebSite\",\"@id\":\"https:\\\/\\\/ibsophrologie.fr\\\/#website\",\"url\":\"https:\\\/\\\/ibsophrologie.fr\\\/\",\"name\":\"Isabelle Breton 06 72 34 06 69 | Sophrologie - Hypnose - Sonoth\u00e9rapie - Paris 19 | Sp\u00e9cialiste Stress, Poids &amp; Tabac\",\"description\":\"&quot;Etre toujours attentif \u00e0 ce qui est, c&#039;est le principe de base qui permet de red\u00e9couvrir la beaut\u00e9 des choses et sa propre existence&quot;\",\"potentialAction\":[{\"@type\":\"SearchAction\",\"target\":{\"@type\":\"EntryPoint\",\"urlTemplate\":\"https:\\\/\\\/ibsophrologie.fr\\\/?s={search_term_string}\"},\"query-input\":{\"@type\":\"PropertyValueSpecification\",\"valueRequired\":true,\"valueName\":\"search_term_string\"}}],\"inLanguage\":\"fr-FR\"}]}<\/script>\n<!-- \/ Yoast SEO plugin. -->","yoast_head_json":{"title":"Sonoth\u00e9rapie - Isabelle Breton 06 72 34 06 69 | Sophrologie - Hypnose - Sonoth\u00e9rapie - Paris 19 | Sp\u00e9cialiste Stress, Poids &amp; Tabac Isabelle Breton 06 72 34 06 69 | Sophrologie - Hypnose - Sonoth\u00e9rapie - Paris 19 | Sp\u00e9cialiste Stress, Poids &amp; Tabac","description":"La th\u00e9rapie par le son est une technique th\u00e9rapeutique qui se base sur le ressenti \u00e0 la fois corporel et \u00e9motionnel des sons.","robots":{"index":"index","follow":"follow","max-snippet":"max-snippet:-1","max-image-preview":"max-image-preview:large","max-video-preview":"max-video-preview:-1"},"canonical":"https:\/\/ibsophrologie.fr\/index.php\/massage-sonore-lart-de-se-detendre-par-les-sons\/","og_locale":"fr_FR","og_type":"article","og_title":"Sonoth\u00e9rapie - Isabelle Breton 06 72 34 06 69 | Sophrologie - Hypnose - Sonoth\u00e9rapie - Paris 19 | Sp\u00e9cialiste Stress, Poids &amp; Tabac Isabelle Breton 06 72 34 06 69 | Sophrologie - Hypnose - Sonoth\u00e9rapie - Paris 19 | Sp\u00e9cialiste Stress, Poids &amp; Tabac","og_description":"La th\u00e9rapie par le son est une technique th\u00e9rapeutique qui se base sur le ressenti \u00e0 la fois corporel et \u00e9motionnel des sons.","og_url":"https:\/\/ibsophrologie.fr\/index.php\/massage-sonore-lart-de-se-detendre-par-les-sons\/","og_site_name":"Isabelle Breton 06 72 34 06 69 | Sophrologie - Hypnose - Sonoth\u00e9rapie - Paris 19 | Sp\u00e9cialiste Stress, Poids &amp; Tabac","article_modified_time":"2024-04-10T11:37:54+00:00","og_image":[{"url":"https:\/\/ibsophrologie.fr\/wp-content\/uploads\/2022\/11\/bain-sonore-300x225.jpeg","type":"","width":"","height":""}],"twitter_card":"summary_large_image","twitter_misc":{"Dur\u00e9e de lecture estim\u00e9e":"4 minutes"},"schema":{"@context":"https:\/\/schema.org","@graph":[{"@type":"WebPage","@id":"https:\/\/ibsophrologie.fr\/index.php\/massage-sonore-lart-de-se-detendre-par-les-sons\/","url":"https:\/\/ibsophrologie.fr\/index.php\/massage-sonore-lart-de-se-detendre-par-les-sons\/","name":"Sonoth\u00e9rapie - Isabelle Breton 06 72 34 06 69 | Sophrologie - Hypnose - Sonoth\u00e9rapie - Paris 19 | Sp\u00e9cialiste Stress, Poids &amp; Tabac Isabelle Breton 06 72 34 06 69 | Sophrologie - Hypnose - Sonoth\u00e9rapie - Paris 19 | Sp\u00e9cialiste Stress, Poids &amp; Tabac","isPartOf":{"@id":"https:\/\/ibsophrologie.fr\/#website"},"primaryImageOfPage":{"@id":"https:\/\/ibsophrologie.fr\/index.php\/massage-sonore-lart-de-se-detendre-par-les-sons\/#primaryimage"},"image":{"@id":"https:\/\/ibsophrologie.fr\/index.php\/massage-sonore-lart-de-se-detendre-par-les-sons\/#primaryimage"},"thumbnailUrl":"https:\/\/ibsophrologie.fr\/wp-content\/uploads\/2022\/11\/bain-sonore-300x225.jpeg","datePublished":"2021-02-22T19:31:46+00:00","dateModified":"2024-04-10T11:37:54+00:00","description":"La th\u00e9rapie par le son est une technique th\u00e9rapeutique qui se base sur le ressenti \u00e0 la fois corporel et \u00e9motionnel des sons.","breadcrumb":{"@id":"https:\/\/ibsophrologie.fr\/index.php\/massage-sonore-lart-de-se-detendre-par-les-sons\/#breadcrumb"},"inLanguage":"fr-FR","potentialAction":[{"@type":"ReadAction","target":["https:\/\/ibsophrologie.fr\/index.php\/massage-sonore-lart-de-se-detendre-par-les-sons\/"]}]},{"@type":"ImageObject","inLanguage":"fr-FR","@id":"https:\/\/ibsophrologie.fr\/index.php\/massage-sonore-lart-de-se-detendre-par-les-sons\/#primaryimage","url":"https:\/\/ibsophrologie.fr\/wp-content\/uploads\/2022\/11\/bain-sonore.jpeg","contentUrl":"https:\/\/ibsophrologie.fr\/wp-content\/uploads\/2022\/11\/bain-sonore.jpeg","width":639,"height":479},{"@type":"BreadcrumbList","@id":"https:\/\/ibsophrologie.fr\/index.php\/massage-sonore-lart-de-se-detendre-par-les-sons\/#breadcrumb","itemListElement":[{"@type":"ListItem","position":1,"name":"Accueil","item":"https:\/\/ibsophrologie.fr\/"},{"@type":"ListItem","position":2,"name":"Sonoth\u00e9rapie"}]},{"@type":"WebSite","@id":"https:\/\/ibsophrologie.fr\/#website","url":"https:\/\/ibsophrologie.fr\/","name":"Isabelle Breton 06 72 34 06 69 | Sophrologie - Hypnose - Sonoth\u00e9rapie - Paris 19 | Sp\u00e9cialiste Stress, Poids &amp; Tabac","description":"&quot;Etre toujours attentif \u00e0 ce qui est, c&#039;est le principe de base qui permet de red\u00e9couvrir la beaut\u00e9 des choses et sa propre existence&quot;","potentialAction":[{"@type":"SearchAction","target":{"@type":"EntryPoint","urlTemplate":"https:\/\/ibsophrologie.fr\/?s={search_term_string}"},"query-input":{"@type":"PropertyValueSpecification","valueRequired":true,"valueName":"search_term_string"}}],"inLanguage":"fr-FR"}]}},"_links":{"self":[{"href":"https:\/\/ibsophrologie.fr\/index.php\/wp-json\/wp\/v2\/pages\/1059","targetHints":{"allow":["GET"]}}],"collection":[{"href":"https:\/\/ibsophrologie.fr\/index.php\/wp-json\/wp\/v2\/pages"}],"about":[{"href":"https:\/\/ibsophrologie.fr\/index.php\/wp-json\/wp\/v2\/types\/page"}],"author":[{"embeddable":true,"href":"https:\/\/ibsophrologie.fr\/index.php\/wp-json\/wp\/v2\/users\/1"}],"replies":[{"embeddable":true,"href":"https:\/\/ibsophrologie.fr\/index.php\/wp-json\/wp\/v2\/comments?post=1059"}],"version-history":[{"count":24,"href":"https:\/\/ibsophrologie.fr\/index.php\/wp-json\/wp\/v2\/pages\/1059\/revisions"}],"predecessor-version":[{"id":3194,"href":"https:\/\/ibsophrologie.fr\/index.php\/wp-json\/wp\/v2\/pages\/1059\/revisions\/3194"}],"wp:attachment":[{"href":"https:\/\/ibsophrologie.fr\/index.php\/wp-json\/wp\/v2\/media?parent=1059"}],"curies":[{"name":"wp","href":"https:\/\/api.w.org\/{rel}","templated":true}]}}