{"id":1888,"date":"2022-11-14T17:25:03","date_gmt":"2022-11-14T16:25:03","guid":{"rendered":"https:\/\/ibsophrologie.fr\/?page_id=1888"},"modified":"2023-12-26T11:25:12","modified_gmt":"2023-12-26T10:25:12","slug":"massage-au-bol-kansu-pratique-ayurvedique","status":"publish","type":"page","link":"https:\/\/ibsophrologie.fr\/index.php\/massage-au-bol-kansu-pratique-ayurvedique\/","title":{"rendered":"Massage Kansu (massage des pieds)"},"content":{"rendered":"\n<p><img loading=\"lazy\" decoding=\"async\" class=\"size-full wp-image-1832 alignright\" src=\"https:\/\/ibsophrologie.fr\/wp-content\/uploads\/2022\/11\/Massage-kansu.jpg\" alt=\"\" width=\"225\" height=\"151\"><\/p>\n\n\n\n<p style=\"text-align: justify;\"><strong>Le massage au bol Kansu, issu de la pratique ayurv\u00e9dique, trouve ses origines dans la tradition indienne <\/strong>qui met<span style=\"font-size: revert;\">\u00a0en avant l&rsquo;importance du soin du corps en le consid\u00e9rant comme le si\u00e8ge de l&rsquo;\u00e2me.<br \/><\/span><span style=\"font-size: revert;\">Cette philosophie s&rsquo;appuie sur les <strong>5 \u00e9l\u00e9ments de base<\/strong> (<strong>Ether, Air, Feu, Eau, Terre<\/strong>) pr\u00e9sents en chacun de nous, d\u00e9terminant notre constitution par la dominance des <strong>doshas<\/strong> (Vata, Pitta, Kapha), des <strong>\u00e9nergies vitales qui circulent dans le corps.<\/strong><br \/><\/span><span style=\"font-size: revert;\">La pr\u00e9servation de la sant\u00e9 selon cette tradition implique le r\u00e9\u00e9quilibrage de ces doshas. <\/span><strong><span style=\"font-size: revert;\">L&rsquo;Ayurv\u00e9da, <\/span><\/strong><span style=\"font-size: revert;\">existant depuis plus de 5000 ans,<\/span><strong><span style=\"font-size: revert;\"> est d\u00e9finie comme la \u00ab\u00a0science de la vie\u00a0\u00bb en sanskrit.<\/span><\/strong><\/p>\n<div class=\"flex-1 overflow-hidden\">\n<div class=\"react-scroll-to-bottom--css-awdke-79elbk h-full\">\n<div class=\"react-scroll-to-bottom--css-awdke-1n7m0yu\">\n<div class=\"flex flex-col pb-9 text-sm\">\n<div class=\"w-full text-token-text-primary\" data-testid=\"conversation-turn-19\">\n<div class=\"px-4 py-2 justify-center text-base md:gap-6 m-auto\">\n<div class=\"flex flex-1 text-base mx-auto gap-3 md:px-5 lg:px-1 xl:px-5 md:max-w-3xl lg:max-w-[40rem] xl:max-w-[48rem] group final-completion\">\n<div class=\"relative flex w-full flex-col lg:w-[calc(100%-115px)] agent-turn\">\n<div class=\"flex-col gap-1 md:gap-3\">\n<div class=\"mt-1 flex justify-start gap-3 empty:hidden\">\n<div class=\"text-gray-400 flex self-end lg:self-center justify-center lg:justify-start mt-0 gap-1 visible\"><strong style=\"font-size: revert;\">Bienfaits du Massage Kansu :<br \/><\/strong><\/div>\n<\/div>\n<\/div>\n<\/div>\n<\/div>\n<\/div>\n<\/div>\n<\/div>\n<\/div>\n<\/div>\n<\/div>\n<ul>\n<li><strong>Relaxation profonde :<\/strong> Le massage Kansu est r\u00e9put\u00e9 pour induire une profonde d\u00e9tente physique et mentale.<strong><br \/><\/strong><\/li>\n<li style=\"text-align: justify;\"><strong>Soulagement du stress :<\/strong> Les mouvements du massage peuvent aider \u00e0 r\u00e9duire le stress et \u00e0 apaiser le syst\u00e8me nerveux.<\/li>\n<li style=\"text-align: justify;\"><strong>Am\u00e9lioration du sommeil :<\/strong> En favorisant la relaxation, il peut contribuer \u00e0 am\u00e9liorer la qualit\u00e9 du sommeil.<\/li>\n<li style=\"text-align: justify;\"><strong>Stimulation des points r\u00e9flexes :<\/strong> Le massage des pieds agit sur des points r\u00e9flexes, influant positivement sur diff\u00e9rentes parties du corps.<\/li>\n<li style=\"text-align: justify;\"><strong>\u00c9quilibre \u00e9nerg\u00e9tique :<\/strong> Selon la philosophie ayurv\u00e9dique, le massage Kansu vise \u00e0 r\u00e9\u00e9quilibrer les doshas (Vata, Pitta, Kapha), favorisant ainsi l&rsquo;harmonie \u00e9nerg\u00e9tique.<\/li>\n<li style=\"text-align: justify;\"><strong>Bienfaits des m\u00e9taux :<\/strong> Les m\u00e9taux pr\u00e9sents dans le bol, tels que l&rsquo;or, le cuivre et le zinc, sont cens\u00e9s apporter des propri\u00e9t\u00e9s th\u00e9rapeutiques.<\/li>\n<\/ul>\n<p><strong>Utilisation du Massage Kansu :<\/strong><\/p>\n<ul>\n<li>La <strong>personne<\/strong> recevant le massage est <strong>allong\u00e9e<\/strong> sur une <strong>table de massage,<\/strong> v\u00eatue d&rsquo;une <strong>tenue confortable<\/strong>, les <strong>yeux ferm\u00e9s<\/strong> et des compresses d&rsquo;eau de rose sur les yeux.<\/li>\n<li style=\"text-align: justify;\">Un petit bol de forme arrondie en alliage de m\u00e9taux (or, zinc, cuivre, bronze, argent, \u00e9tain) est utilis\u00e9.\u00a0<\/li>\n<li style=\"text-align: justify;\">Le praticien effectue des <strong>mouvements circulaires<\/strong> avec le bol sur la plante des pieds, suivant des <strong>sch\u00e9mas pr\u00e9cis<\/strong>. Pour faciliter ces mouvements fluides, il utilise du beurre clarifi\u00e9 (ghee).<\/li>\n<li style=\"text-align: justify;\">La pression exerc\u00e9e est mod\u00e9r\u00e9e, permettant au receveur de ressentir une <strong>sensation agr\u00e9able sans inconfort.<\/strong><\/li>\n<\/ul>\n<p style=\"text-align: justify;\">Ce massage cible tous les points r\u00e9flexes du pied, favorisant une <strong>exp\u00e9rience relaxante et stimulante.<\/strong><\/p>\n<p><strong>Tarifs Massage Kansu <span style=\"color: #999999;\">en cabinet 75019 ou \u00e0 votre domicile<\/span><\/strong><br \/>Dur\u00e9e : 45 min &#8211; 50 \u20ac\u00a0<br \/>Dur\u00e9e : 1 h &#8211; 60 \u20ac<br \/>Dur\u00e9e : 1 h30 &#8211; 80 \u20ac\u00a0 inclus Massage Kansu + au choix Massage sonore ou Voyage sonore ou S\u00e9ance de sophrologie \u00e0 d\u00e9terminer ensemble<\/p>\n<pre style=\"text-align: center;\">Laissez -vous tenter, venez vivre l'exp\u00e9rience d'un doux voyage <br \/>06 72 34 06 69<\/pre>\n<p><br \/><br \/><\/p>\n","protected":false},"excerpt":{"rendered":"<p>Le massage au bol Kansu, issu de la pratique ayurv\u00e9dique, trouve ses origines dans la tradition indienne qui met\u00a0en avant l&rsquo;importance du soin du corps en le consid\u00e9rant comme le si\u00e8ge de l&rsquo;\u00e2me.Cette philosophie s&rsquo;appuie sur les 5 \u00e9l\u00e9ments de base (Ether, Air, Feu, Eau, Terre) pr\u00e9sents en chacun de nous, d\u00e9terminant notre constitution par &hellip; <a href=\"https:\/\/ibsophrologie.fr\/index.php\/massage-au-bol-kansu-pratique-ayurvedique\/\" class=\"more-link\">Continuer la lecture<span class=\"screen-reader-text\"> de &laquo;&nbsp;Massage Kansu (massage des pieds)&nbsp;&raquo;<\/span><\/a><\/p>\n","protected":false},"author":1,"featured_media":0,"parent":0,"menu_order":0,"comment_status":"closed","ping_status":"closed","template":"","meta":{"_monsterinsights_skip_tracking":false,"_monsterinsights_sitenote_active":false,"_monsterinsights_sitenote_note":"","_monsterinsights_sitenote_category":0,"footnotes":""},"class_list":["post-1888","page","type-page","status-publish","hentry"],"yoast_head":"<!-- This site is optimized with the Yoast SEO plugin v27.5 - https:\/\/yoast.com\/product\/yoast-seo-wordpress\/ -->\n<title>Massage Kansu, favorise la relaxation et l&#039;\u00e9quilibre \u00e9nerg\u00e9tique.<\/title>\n<meta name=\"description\" content=\"D\u00e9tendez-vous avec le massage Kansu (massage des pieds), issu de la tradition indienne pour \u00e9quilibrer corps et esprit.\" \/>\n<meta name=\"robots\" content=\"index, follow, max-snippet:-1, max-image-preview:large, max-video-preview:-1\" \/>\n<link rel=\"canonical\" href=\"https:\/\/ibsophrologie.fr\/index.php\/massage-au-bol-kansu-pratique-ayurvedique\/\" \/>\n<meta property=\"og:locale\" content=\"fr_FR\" \/>\n<meta property=\"og:type\" content=\"article\" \/>\n<meta property=\"og:title\" content=\"Massage Kansu, favorise la relaxation et l&#039;\u00e9quilibre \u00e9nerg\u00e9tique.\" \/>\n<meta property=\"og:description\" content=\"D\u00e9tendez-vous avec le massage Kansu (massage des pieds), issu de la tradition indienne pour \u00e9quilibrer corps et esprit.\" \/>\n<meta property=\"og:url\" content=\"https:\/\/ibsophrologie.fr\/index.php\/massage-au-bol-kansu-pratique-ayurvedique\/\" \/>\n<meta property=\"og:site_name\" content=\"Isabelle Breton 06 72 34 06 69 | Sophrologie - Hypnose - Sonoth\u00e9rapie - Paris 19 | Sp\u00e9cialiste Stress, Poids &amp; Tabac\" \/>\n<meta property=\"article:modified_time\" content=\"2023-12-26T10:25:12+00:00\" \/>\n<meta property=\"og:image\" content=\"https:\/\/ibsophrologie.fr\/wp-content\/uploads\/2022\/11\/Massage-kansu.jpg\" \/>\n<meta name=\"twitter:card\" content=\"summary_large_image\" \/>\n<meta name=\"twitter:label1\" content=\"Dur\u00e9e de lecture estim\u00e9e\" \/>\n\t<meta name=\"twitter:data1\" content=\"3 minutes\" \/>\n<script type=\"application\/ld+json\" class=\"yoast-schema-graph\">{\"@context\":\"https:\\\/\\\/schema.org\",\"@graph\":[{\"@type\":\"WebPage\",\"@id\":\"https:\\\/\\\/ibsophrologie.fr\\\/index.php\\\/massage-au-bol-kansu-pratique-ayurvedique\\\/\",\"url\":\"https:\\\/\\\/ibsophrologie.fr\\\/index.php\\\/massage-au-bol-kansu-pratique-ayurvedique\\\/\",\"name\":\"Massage Kansu, favorise la relaxation et l'\u00e9quilibre \u00e9nerg\u00e9tique.\",\"isPartOf\":{\"@id\":\"https:\\\/\\\/ibsophrologie.fr\\\/#website\"},\"primaryImageOfPage\":{\"@id\":\"https:\\\/\\\/ibsophrologie.fr\\\/index.php\\\/massage-au-bol-kansu-pratique-ayurvedique\\\/#primaryimage\"},\"image\":{\"@id\":\"https:\\\/\\\/ibsophrologie.fr\\\/index.php\\\/massage-au-bol-kansu-pratique-ayurvedique\\\/#primaryimage\"},\"thumbnailUrl\":\"https:\\\/\\\/ibsophrologie.fr\\\/wp-content\\\/uploads\\\/2022\\\/11\\\/Massage-kansu.jpg\",\"datePublished\":\"2022-11-14T16:25:03+00:00\",\"dateModified\":\"2023-12-26T10:25:12+00:00\",\"description\":\"D\u00e9tendez-vous avec le massage Kansu (massage des pieds), issu de la tradition indienne pour \u00e9quilibrer corps et esprit.\",\"breadcrumb\":{\"@id\":\"https:\\\/\\\/ibsophrologie.fr\\\/index.php\\\/massage-au-bol-kansu-pratique-ayurvedique\\\/#breadcrumb\"},\"inLanguage\":\"fr-FR\",\"potentialAction\":[{\"@type\":\"ReadAction\",\"target\":[\"https:\\\/\\\/ibsophrologie.fr\\\/index.php\\\/massage-au-bol-kansu-pratique-ayurvedique\\\/\"]}]},{\"@type\":\"ImageObject\",\"inLanguage\":\"fr-FR\",\"@id\":\"https:\\\/\\\/ibsophrologie.fr\\\/index.php\\\/massage-au-bol-kansu-pratique-ayurvedique\\\/#primaryimage\",\"url\":\"https:\\\/\\\/ibsophrologie.fr\\\/wp-content\\\/uploads\\\/2022\\\/11\\\/Massage-kansu.jpg\",\"contentUrl\":\"https:\\\/\\\/ibsophrologie.fr\\\/wp-content\\\/uploads\\\/2022\\\/11\\\/Massage-kansu.jpg\",\"width\":225,\"height\":151,\"caption\":\"Massage Kansu\"},{\"@type\":\"BreadcrumbList\",\"@id\":\"https:\\\/\\\/ibsophrologie.fr\\\/index.php\\\/massage-au-bol-kansu-pratique-ayurvedique\\\/#breadcrumb\",\"itemListElement\":[{\"@type\":\"ListItem\",\"position\":1,\"name\":\"Accueil\",\"item\":\"https:\\\/\\\/ibsophrologie.fr\\\/\"},{\"@type\":\"ListItem\",\"position\":2,\"name\":\"Massage Kansu (massage des pieds)\"}]},{\"@type\":\"WebSite\",\"@id\":\"https:\\\/\\\/ibsophrologie.fr\\\/#website\",\"url\":\"https:\\\/\\\/ibsophrologie.fr\\\/\",\"name\":\"Isabelle Breton 06 72 34 06 69 | Sophrologie - Hypnose - Sonoth\u00e9rapie - Paris 19 | Sp\u00e9cialiste Stress, Poids &amp; Tabac\",\"description\":\"&quot;Etre toujours attentif \u00e0 ce qui est, c&#039;est le principe de base qui permet de red\u00e9couvrir la beaut\u00e9 des choses et sa propre existence&quot;\",\"potentialAction\":[{\"@type\":\"SearchAction\",\"target\":{\"@type\":\"EntryPoint\",\"urlTemplate\":\"https:\\\/\\\/ibsophrologie.fr\\\/?s={search_term_string}\"},\"query-input\":{\"@type\":\"PropertyValueSpecification\",\"valueRequired\":true,\"valueName\":\"search_term_string\"}}],\"inLanguage\":\"fr-FR\"}]}<\/script>\n<!-- \/ Yoast SEO plugin. -->","yoast_head_json":{"title":"Massage Kansu, favorise la relaxation et l'\u00e9quilibre \u00e9nerg\u00e9tique.","description":"D\u00e9tendez-vous avec le massage Kansu (massage des pieds), issu de la tradition indienne pour \u00e9quilibrer corps et esprit.","robots":{"index":"index","follow":"follow","max-snippet":"max-snippet:-1","max-image-preview":"max-image-preview:large","max-video-preview":"max-video-preview:-1"},"canonical":"https:\/\/ibsophrologie.fr\/index.php\/massage-au-bol-kansu-pratique-ayurvedique\/","og_locale":"fr_FR","og_type":"article","og_title":"Massage Kansu, favorise la relaxation et l'\u00e9quilibre \u00e9nerg\u00e9tique.","og_description":"D\u00e9tendez-vous avec le massage Kansu (massage des pieds), issu de la tradition indienne pour \u00e9quilibrer corps et esprit.","og_url":"https:\/\/ibsophrologie.fr\/index.php\/massage-au-bol-kansu-pratique-ayurvedique\/","og_site_name":"Isabelle Breton 06 72 34 06 69 | Sophrologie - Hypnose - Sonoth\u00e9rapie - Paris 19 | Sp\u00e9cialiste Stress, Poids &amp; Tabac","article_modified_time":"2023-12-26T10:25:12+00:00","og_image":[{"url":"https:\/\/ibsophrologie.fr\/wp-content\/uploads\/2022\/11\/Massage-kansu.jpg","type":"","width":"","height":""}],"twitter_card":"summary_large_image","twitter_misc":{"Dur\u00e9e de lecture estim\u00e9e":"3 minutes"},"schema":{"@context":"https:\/\/schema.org","@graph":[{"@type":"WebPage","@id":"https:\/\/ibsophrologie.fr\/index.php\/massage-au-bol-kansu-pratique-ayurvedique\/","url":"https:\/\/ibsophrologie.fr\/index.php\/massage-au-bol-kansu-pratique-ayurvedique\/","name":"Massage Kansu, favorise la relaxation et l'\u00e9quilibre \u00e9nerg\u00e9tique.","isPartOf":{"@id":"https:\/\/ibsophrologie.fr\/#website"},"primaryImageOfPage":{"@id":"https:\/\/ibsophrologie.fr\/index.php\/massage-au-bol-kansu-pratique-ayurvedique\/#primaryimage"},"image":{"@id":"https:\/\/ibsophrologie.fr\/index.php\/massage-au-bol-kansu-pratique-ayurvedique\/#primaryimage"},"thumbnailUrl":"https:\/\/ibsophrologie.fr\/wp-content\/uploads\/2022\/11\/Massage-kansu.jpg","datePublished":"2022-11-14T16:25:03+00:00","dateModified":"2023-12-26T10:25:12+00:00","description":"D\u00e9tendez-vous avec le massage Kansu (massage des pieds), issu de la tradition indienne pour \u00e9quilibrer corps et esprit.","breadcrumb":{"@id":"https:\/\/ibsophrologie.fr\/index.php\/massage-au-bol-kansu-pratique-ayurvedique\/#breadcrumb"},"inLanguage":"fr-FR","potentialAction":[{"@type":"ReadAction","target":["https:\/\/ibsophrologie.fr\/index.php\/massage-au-bol-kansu-pratique-ayurvedique\/"]}]},{"@type":"ImageObject","inLanguage":"fr-FR","@id":"https:\/\/ibsophrologie.fr\/index.php\/massage-au-bol-kansu-pratique-ayurvedique\/#primaryimage","url":"https:\/\/ibsophrologie.fr\/wp-content\/uploads\/2022\/11\/Massage-kansu.jpg","contentUrl":"https:\/\/ibsophrologie.fr\/wp-content\/uploads\/2022\/11\/Massage-kansu.jpg","width":225,"height":151,"caption":"Massage Kansu"},{"@type":"BreadcrumbList","@id":"https:\/\/ibsophrologie.fr\/index.php\/massage-au-bol-kansu-pratique-ayurvedique\/#breadcrumb","itemListElement":[{"@type":"ListItem","position":1,"name":"Accueil","item":"https:\/\/ibsophrologie.fr\/"},{"@type":"ListItem","position":2,"name":"Massage Kansu (massage des pieds)"}]},{"@type":"WebSite","@id":"https:\/\/ibsophrologie.fr\/#website","url":"https:\/\/ibsophrologie.fr\/","name":"Isabelle Breton 06 72 34 06 69 | Sophrologie - Hypnose - Sonoth\u00e9rapie - Paris 19 | Sp\u00e9cialiste Stress, Poids &amp; Tabac","description":"&quot;Etre toujours attentif \u00e0 ce qui est, c&#039;est le principe de base qui permet de red\u00e9couvrir la beaut\u00e9 des choses et sa propre existence&quot;","potentialAction":[{"@type":"SearchAction","target":{"@type":"EntryPoint","urlTemplate":"https:\/\/ibsophrologie.fr\/?s={search_term_string}"},"query-input":{"@type":"PropertyValueSpecification","valueRequired":true,"valueName":"search_term_string"}}],"inLanguage":"fr-FR"}]}},"_links":{"self":[{"href":"https:\/\/ibsophrologie.fr\/index.php\/wp-json\/wp\/v2\/pages\/1888","targetHints":{"allow":["GET"]}}],"collection":[{"href":"https:\/\/ibsophrologie.fr\/index.php\/wp-json\/wp\/v2\/pages"}],"about":[{"href":"https:\/\/ibsophrologie.fr\/index.php\/wp-json\/wp\/v2\/types\/page"}],"author":[{"embeddable":true,"href":"https:\/\/ibsophrologie.fr\/index.php\/wp-json\/wp\/v2\/users\/1"}],"replies":[{"embeddable":true,"href":"https:\/\/ibsophrologie.fr\/index.php\/wp-json\/wp\/v2\/comments?post=1888"}],"version-history":[{"count":28,"href":"https:\/\/ibsophrologie.fr\/index.php\/wp-json\/wp\/v2\/pages\/1888\/revisions"}],"predecessor-version":[{"id":3026,"href":"https:\/\/ibsophrologie.fr\/index.php\/wp-json\/wp\/v2\/pages\/1888\/revisions\/3026"}],"wp:attachment":[{"href":"https:\/\/ibsophrologie.fr\/index.php\/wp-json\/wp\/v2\/media?parent=1888"}],"curies":[{"name":"wp","href":"https:\/\/api.w.org\/{rel}","templated":true}]}}