{"id":1909,"date":"2022-11-14T18:31:17","date_gmt":"2022-11-14T17:31:17","guid":{"rendered":"https:\/\/ibsophrologie.fr\/?page_id=1909"},"modified":"2024-05-21T20:59:12","modified_gmt":"2024-05-21T18:59:12","slug":"lhypnose-ericksonienne-approche-puissante-changement","status":"publish","type":"page","link":"https:\/\/ibsophrologie.fr\/index.php\/lhypnose-ericksonienne-approche-puissante-changement\/","title":{"rendered":"Transformez votre vie avec l&rsquo;hypnose Ericksonienne !\u00a0\u00bb"},"content":{"rendered":"\n\n\n<p style=\"text-align: justify;\"><span style=\"color: #808080;\"><strong>Bienvenue dans le monde passionnant de l&rsquo;hypnose ericksonienne !<\/strong><\/span><br \/><span style=\"color: #808080;\">Une m\u00e9thode exclusive, inspir\u00e9e par le travail du psychiatre et psychologue am\u00e9ricain Milton H. Erickson, qui offre une transformation personnelle profonde avec douceur et flexibilit\u00e9, respectant chaque individu.<\/span><\/p>\n<p style=\"text-align: justify;\"><span style=\"color: #808080;\"><strong>Qu&rsquo;est-ce que l&rsquo;Hypnose Ericksonienne ?<br \/>L&rsquo;hypnose ericksonienne, loin des id\u00e9es re\u00e7ues, ne comporte ni perte de contr\u00f4le ni manipulation de l&rsquo;esprit<\/strong>. <br \/>Elle se fonde sur un partenariat entre le praticien et le client. <br \/>Le praticien guide le client vers un \u00e9tat de conscience modifi\u00e9e tout en pr\u00e9servant son libre arbitre et sa capacit\u00e9 \u00e0 contr\u00f4ler ses pens\u00e9es et actions.<strong><br \/><\/strong><\/span><\/p>\n<p style=\"text-align: justify;\"><span style=\"color: #808080;\"><strong>Comment fonctionne-t-elle ?<\/strong><\/span><\/p>\n<p><img loading=\"lazy\" decoding=\"async\" class=\" wp-image-3170\" src=\"https:\/\/ibsophrologie.fr\/wp-content\/uploads\/2024\/04\/istockphoto-1026611068-612x612-1-300x200.jpg\" alt=\"\" width=\"283\" height=\"188\" srcset=\"https:\/\/ibsophrologie.fr\/wp-content\/uploads\/2024\/04\/istockphoto-1026611068-612x612-1-300x200.jpg 300w, https:\/\/ibsophrologie.fr\/wp-content\/uploads\/2024\/04\/istockphoto-1026611068-612x612-1.jpg 612w\" sizes=\"auto, (max-width: 283px) 85vw, 283px\" \/><\/p>\n<p style=\"text-align: left;\"><span style=\"color: #808080;\">L&rsquo;hypnose ericksonienne emploie des m\u00e9thodes douces comme la suggestion indirecte, la m\u00e9taphore et un langage \u00e9vocateur pour atteindre l&rsquo;inconscient sans intrusion. Elle explore les ressources internes du client pour identifier et changer les sch\u00e9mas de pens\u00e9es limitantes, les comportements ind\u00e9sirables et les blocages \u00e9motionnels qui freinent le d\u00e9veloppement personnel et le bien-\u00eatre.<\/span><\/p>\n<p style=\"text-align: justify;\"><span style=\"color: #808080;\"><strong>L&rsquo;hypnose ericksonienne est efficace pour aider dans de nombreux domaines, tels que :<\/strong><\/span><\/p>\n<ul>\n<li><span style=\"color: #808080;\">Gestion du stress et de l&rsquo;anxi\u00e9t\u00e9<\/span><\/li>\n<li><span style=\"color: #808080;\">Phobies et peurs<\/span><\/li>\n<li><span style=\"color: #808080;\">D\u00e9pendances (tabagisme, alimentation compulsive, alcool, jeux vid\u00e9os)<\/span><\/li>\n<li><span style=\"color: #808080;\"><a style=\"color: #808080;\" href=\"https:\/\/ibsophrologie.fr\/index.php\/mincir-sans-chirurgie-sans-regime-sans-frustration-cest-possible\/\">Perte de poids<\/a><\/span><\/li>\n<li><span style=\"color: #808080;\">Confiance en soi et estime de soi<\/span><\/li>\n<li><span style=\"color: #808080;\">Gestion de la douleur<\/span><\/li>\n<li><span style=\"color: #808080;\">Troubles du sommeil<\/span><\/li>\n<li><span style=\"color: #808080;\">Am\u00e9lioration des performances (sportives, acad\u00e9miques, professionnelles, etc.)<\/span><\/li>\n<\/ul>\n<p style=\"text-align: justify;\"><span style=\"color: #808080;\"><strong>Pourquoi Choisir l&rsquo;Hypnose Ericksonienne ?<br \/><\/strong>L&rsquo;hypnose ericksonienne s&rsquo;adapte \u00e0 chaque individu avec des s\u00e9ances uniques et personnalis\u00e9es, r\u00e9pondant \u00e0 leurs besoins et objectifs sp\u00e9cifiques. Son approche douce convient \u00e0 la plupart des personnes, m\u00eame \u00e0 celles r\u00e9ticentes \u00e0 l&rsquo;hypnose.<\/span><\/p>\n<p style=\"text-align: justify;\"><span style=\"color: #808080;\"><strong>Pr\u00eat(e) \u00e0 changer votre vie ?<br \/><\/strong>Si vous \u00eates pr\u00eat(e) \u00e0 d\u00e9couvrir les bienfaits de l&rsquo;hypnose ericksonienne et \u00e0 lib\u00e9rer votre potentiel int\u00e9rieur, n&rsquo;h\u00e9sitez pas \u00e0 planifier une s\u00e9ance d\u00e8s maintenant.<\/span><\/p>\n","protected":false},"excerpt":{"rendered":"<p>Bienvenue dans le monde passionnant de l&rsquo;hypnose ericksonienne !Une m\u00e9thode exclusive, inspir\u00e9e par le travail du psychiatre et psychologue am\u00e9ricain Milton H. Erickson, qui offre une transformation personnelle profonde avec douceur et flexibilit\u00e9, respectant chaque individu. Qu&rsquo;est-ce que l&rsquo;Hypnose Ericksonienne ?L&rsquo;hypnose ericksonienne, loin des id\u00e9es re\u00e7ues, ne comporte ni perte de contr\u00f4le ni manipulation de &hellip; <a href=\"https:\/\/ibsophrologie.fr\/index.php\/lhypnose-ericksonienne-approche-puissante-changement\/\" class=\"more-link\">Continuer la lecture<span class=\"screen-reader-text\"> de &laquo;&nbsp;Transformez votre vie avec l&rsquo;hypnose Ericksonienne !\u00a0\u00bb&nbsp;&raquo;<\/span><\/a><\/p>\n","protected":false},"author":1,"featured_media":0,"parent":0,"menu_order":0,"comment_status":"closed","ping_status":"closed","template":"","meta":{"_monsterinsights_skip_tracking":false,"_monsterinsights_sitenote_active":false,"_monsterinsights_sitenote_note":"","_monsterinsights_sitenote_category":0,"footnotes":""},"class_list":["post-1909","page","type-page","status-publish","hentry"],"yoast_head":"<!-- This site is optimized with the Yoast SEO plugin v27.4 - https:\/\/yoast.com\/product\/yoast-seo-wordpress\/ -->\n<title>L&#039;hypnose ericksonienne une approche puissante au changement<\/title>\n<meta name=\"description\" content=\"L&#039;Hypnose Ericksonienne : Solutions pour la Perte du Poids, l&#039;Arr\u00eat du Tabac, Gestion du Stress, des Phobies...\" \/>\n<meta name=\"robots\" content=\"index, follow, max-snippet:-1, max-image-preview:large, max-video-preview:-1\" \/>\n<link rel=\"canonical\" href=\"https:\/\/ibsophrologie.fr\/index.php\/lhypnose-ericksonienne-approche-puissante-changement\/\" \/>\n<meta property=\"og:locale\" content=\"fr_FR\" \/>\n<meta property=\"og:type\" content=\"article\" \/>\n<meta property=\"og:title\" content=\"L&#039;hypnose ericksonienne une approche puissante au changement\" \/>\n<meta property=\"og:description\" content=\"L&#039;Hypnose Ericksonienne : Solutions pour la Perte du Poids, l&#039;Arr\u00eat du Tabac, Gestion du Stress, des Phobies...\" \/>\n<meta property=\"og:url\" content=\"https:\/\/ibsophrologie.fr\/index.php\/lhypnose-ericksonienne-approche-puissante-changement\/\" \/>\n<meta property=\"og:site_name\" content=\"Isabelle Breton 06 72 34 06 69 | Sophrologie - Hypnose - Sonoth\u00e9rapie - Paris 19 | Sp\u00e9cialiste Stress, Poids &amp; Tabac\" \/>\n<meta property=\"article:modified_time\" content=\"2024-05-21T18:59:12+00:00\" \/>\n<meta property=\"og:image\" content=\"https:\/\/ibsophrologie.fr\/wp-content\/uploads\/2024\/04\/istockphoto-1026611068-612x612-1-300x200.jpg\" \/>\n<meta name=\"twitter:card\" content=\"summary_large_image\" \/>\n<meta name=\"twitter:label1\" content=\"Dur\u00e9e de lecture estim\u00e9e\" \/>\n\t<meta name=\"twitter:data1\" content=\"2 minutes\" \/>\n<script type=\"application\/ld+json\" class=\"yoast-schema-graph\">{\"@context\":\"https:\\\/\\\/schema.org\",\"@graph\":[{\"@type\":\"WebPage\",\"@id\":\"https:\\\/\\\/ibsophrologie.fr\\\/index.php\\\/lhypnose-ericksonienne-approche-puissante-changement\\\/\",\"url\":\"https:\\\/\\\/ibsophrologie.fr\\\/index.php\\\/lhypnose-ericksonienne-approche-puissante-changement\\\/\",\"name\":\"L'hypnose ericksonienne une approche puissante au changement\",\"isPartOf\":{\"@id\":\"https:\\\/\\\/ibsophrologie.fr\\\/#website\"},\"primaryImageOfPage\":{\"@id\":\"https:\\\/\\\/ibsophrologie.fr\\\/index.php\\\/lhypnose-ericksonienne-approche-puissante-changement\\\/#primaryimage\"},\"image\":{\"@id\":\"https:\\\/\\\/ibsophrologie.fr\\\/index.php\\\/lhypnose-ericksonienne-approche-puissante-changement\\\/#primaryimage\"},\"thumbnailUrl\":\"https:\\\/\\\/ibsophrologie.fr\\\/wp-content\\\/uploads\\\/2024\\\/04\\\/istockphoto-1026611068-612x612-1-300x200.jpg\",\"datePublished\":\"2022-11-14T17:31:17+00:00\",\"dateModified\":\"2024-05-21T18:59:12+00:00\",\"description\":\"L'Hypnose Ericksonienne : Solutions pour la Perte du Poids, l'Arr\u00eat du Tabac, Gestion du Stress, des Phobies...\",\"breadcrumb\":{\"@id\":\"https:\\\/\\\/ibsophrologie.fr\\\/index.php\\\/lhypnose-ericksonienne-approche-puissante-changement\\\/#breadcrumb\"},\"inLanguage\":\"fr-FR\",\"potentialAction\":[{\"@type\":\"ReadAction\",\"target\":[\"https:\\\/\\\/ibsophrologie.fr\\\/index.php\\\/lhypnose-ericksonienne-approche-puissante-changement\\\/\"]}]},{\"@type\":\"ImageObject\",\"inLanguage\":\"fr-FR\",\"@id\":\"https:\\\/\\\/ibsophrologie.fr\\\/index.php\\\/lhypnose-ericksonienne-approche-puissante-changement\\\/#primaryimage\",\"url\":\"https:\\\/\\\/ibsophrologie.fr\\\/wp-content\\\/uploads\\\/2024\\\/04\\\/istockphoto-1026611068-612x612-1.jpg\",\"contentUrl\":\"https:\\\/\\\/ibsophrologie.fr\\\/wp-content\\\/uploads\\\/2024\\\/04\\\/istockphoto-1026611068-612x612-1.jpg\",\"width\":612,\"height\":408,\"caption\":\"A distraught young woman lays on a couch beside her unrecognizable therapist with her hand on her head. The therapist records data using a clipboard.\"},{\"@type\":\"BreadcrumbList\",\"@id\":\"https:\\\/\\\/ibsophrologie.fr\\\/index.php\\\/lhypnose-ericksonienne-approche-puissante-changement\\\/#breadcrumb\",\"itemListElement\":[{\"@type\":\"ListItem\",\"position\":1,\"name\":\"Accueil\",\"item\":\"https:\\\/\\\/ibsophrologie.fr\\\/\"},{\"@type\":\"ListItem\",\"position\":2,\"name\":\"Transformez votre vie avec l&rsquo;hypnose Ericksonienne !\u00a0\u00bb\"}]},{\"@type\":\"WebSite\",\"@id\":\"https:\\\/\\\/ibsophrologie.fr\\\/#website\",\"url\":\"https:\\\/\\\/ibsophrologie.fr\\\/\",\"name\":\"Isabelle Breton 06 72 34 06 69 | Sophrologie - Hypnose - Sonoth\u00e9rapie - Paris 19 | Sp\u00e9cialiste Stress, Poids &amp; Tabac\",\"description\":\"&quot;Etre toujours attentif \u00e0 ce qui est, c&#039;est le principe de base qui permet de red\u00e9couvrir la beaut\u00e9 des choses et sa propre existence&quot;\",\"potentialAction\":[{\"@type\":\"SearchAction\",\"target\":{\"@type\":\"EntryPoint\",\"urlTemplate\":\"https:\\\/\\\/ibsophrologie.fr\\\/?s={search_term_string}\"},\"query-input\":{\"@type\":\"PropertyValueSpecification\",\"valueRequired\":true,\"valueName\":\"search_term_string\"}}],\"inLanguage\":\"fr-FR\"}]}<\/script>\n<!-- \/ Yoast SEO plugin. -->","yoast_head_json":{"title":"L'hypnose ericksonienne une approche puissante au changement","description":"L'Hypnose Ericksonienne : Solutions pour la Perte du Poids, l'Arr\u00eat du Tabac, Gestion du Stress, des Phobies...","robots":{"index":"index","follow":"follow","max-snippet":"max-snippet:-1","max-image-preview":"max-image-preview:large","max-video-preview":"max-video-preview:-1"},"canonical":"https:\/\/ibsophrologie.fr\/index.php\/lhypnose-ericksonienne-approche-puissante-changement\/","og_locale":"fr_FR","og_type":"article","og_title":"L'hypnose ericksonienne une approche puissante au changement","og_description":"L'Hypnose Ericksonienne : Solutions pour la Perte du Poids, l'Arr\u00eat du Tabac, Gestion du Stress, des Phobies...","og_url":"https:\/\/ibsophrologie.fr\/index.php\/lhypnose-ericksonienne-approche-puissante-changement\/","og_site_name":"Isabelle Breton 06 72 34 06 69 | Sophrologie - Hypnose - Sonoth\u00e9rapie - Paris 19 | Sp\u00e9cialiste Stress, Poids &amp; Tabac","article_modified_time":"2024-05-21T18:59:12+00:00","og_image":[{"url":"https:\/\/ibsophrologie.fr\/wp-content\/uploads\/2024\/04\/istockphoto-1026611068-612x612-1-300x200.jpg","type":"","width":"","height":""}],"twitter_card":"summary_large_image","twitter_misc":{"Dur\u00e9e de lecture estim\u00e9e":"2 minutes"},"schema":{"@context":"https:\/\/schema.org","@graph":[{"@type":"WebPage","@id":"https:\/\/ibsophrologie.fr\/index.php\/lhypnose-ericksonienne-approche-puissante-changement\/","url":"https:\/\/ibsophrologie.fr\/index.php\/lhypnose-ericksonienne-approche-puissante-changement\/","name":"L'hypnose ericksonienne une approche puissante au changement","isPartOf":{"@id":"https:\/\/ibsophrologie.fr\/#website"},"primaryImageOfPage":{"@id":"https:\/\/ibsophrologie.fr\/index.php\/lhypnose-ericksonienne-approche-puissante-changement\/#primaryimage"},"image":{"@id":"https:\/\/ibsophrologie.fr\/index.php\/lhypnose-ericksonienne-approche-puissante-changement\/#primaryimage"},"thumbnailUrl":"https:\/\/ibsophrologie.fr\/wp-content\/uploads\/2024\/04\/istockphoto-1026611068-612x612-1-300x200.jpg","datePublished":"2022-11-14T17:31:17+00:00","dateModified":"2024-05-21T18:59:12+00:00","description":"L'Hypnose Ericksonienne : Solutions pour la Perte du Poids, l'Arr\u00eat du Tabac, Gestion du Stress, des Phobies...","breadcrumb":{"@id":"https:\/\/ibsophrologie.fr\/index.php\/lhypnose-ericksonienne-approche-puissante-changement\/#breadcrumb"},"inLanguage":"fr-FR","potentialAction":[{"@type":"ReadAction","target":["https:\/\/ibsophrologie.fr\/index.php\/lhypnose-ericksonienne-approche-puissante-changement\/"]}]},{"@type":"ImageObject","inLanguage":"fr-FR","@id":"https:\/\/ibsophrologie.fr\/index.php\/lhypnose-ericksonienne-approche-puissante-changement\/#primaryimage","url":"https:\/\/ibsophrologie.fr\/wp-content\/uploads\/2024\/04\/istockphoto-1026611068-612x612-1.jpg","contentUrl":"https:\/\/ibsophrologie.fr\/wp-content\/uploads\/2024\/04\/istockphoto-1026611068-612x612-1.jpg","width":612,"height":408,"caption":"A distraught young woman lays on a couch beside her unrecognizable therapist with her hand on her head. The therapist records data using a clipboard."},{"@type":"BreadcrumbList","@id":"https:\/\/ibsophrologie.fr\/index.php\/lhypnose-ericksonienne-approche-puissante-changement\/#breadcrumb","itemListElement":[{"@type":"ListItem","position":1,"name":"Accueil","item":"https:\/\/ibsophrologie.fr\/"},{"@type":"ListItem","position":2,"name":"Transformez votre vie avec l&rsquo;hypnose Ericksonienne !\u00a0\u00bb"}]},{"@type":"WebSite","@id":"https:\/\/ibsophrologie.fr\/#website","url":"https:\/\/ibsophrologie.fr\/","name":"Isabelle Breton 06 72 34 06 69 | Sophrologie - Hypnose - Sonoth\u00e9rapie - Paris 19 | Sp\u00e9cialiste Stress, Poids &amp; Tabac","description":"&quot;Etre toujours attentif \u00e0 ce qui est, c&#039;est le principe de base qui permet de red\u00e9couvrir la beaut\u00e9 des choses et sa propre existence&quot;","potentialAction":[{"@type":"SearchAction","target":{"@type":"EntryPoint","urlTemplate":"https:\/\/ibsophrologie.fr\/?s={search_term_string}"},"query-input":{"@type":"PropertyValueSpecification","valueRequired":true,"valueName":"search_term_string"}}],"inLanguage":"fr-FR"}]}},"_links":{"self":[{"href":"https:\/\/ibsophrologie.fr\/index.php\/wp-json\/wp\/v2\/pages\/1909","targetHints":{"allow":["GET"]}}],"collection":[{"href":"https:\/\/ibsophrologie.fr\/index.php\/wp-json\/wp\/v2\/pages"}],"about":[{"href":"https:\/\/ibsophrologie.fr\/index.php\/wp-json\/wp\/v2\/types\/page"}],"author":[{"embeddable":true,"href":"https:\/\/ibsophrologie.fr\/index.php\/wp-json\/wp\/v2\/users\/1"}],"replies":[{"embeddable":true,"href":"https:\/\/ibsophrologie.fr\/index.php\/wp-json\/wp\/v2\/comments?post=1909"}],"version-history":[{"count":17,"href":"https:\/\/ibsophrologie.fr\/index.php\/wp-json\/wp\/v2\/pages\/1909\/revisions"}],"predecessor-version":[{"id":3479,"href":"https:\/\/ibsophrologie.fr\/index.php\/wp-json\/wp\/v2\/pages\/1909\/revisions\/3479"}],"wp:attachment":[{"href":"https:\/\/ibsophrologie.fr\/index.php\/wp-json\/wp\/v2\/media?parent=1909"}],"curies":[{"name":"wp","href":"https:\/\/api.w.org\/{rel}","templated":true}]}}