{"id":21,"date":"2018-02-25T16:08:42","date_gmt":"2018-02-25T15:08:42","guid":{"rendered":"http:\/\/ibsophrologie.fr\/?page_id=21"},"modified":"2021-03-30T17:24:37","modified_gmt":"2021-03-30T15:24:37","slug":"sophrologue-75019-isabelle-breton","status":"publish","type":"page","link":"https:\/\/ibsophrologie.fr\/index.php\/sophrologue-75019-isabelle-breton\/","title":{"rendered":"Liens utiles"},"content":{"rendered":"<p style=\"text-align: left;\"><span style=\"font-family: arial, helvetica, sans-serif; font-size: 18pt; color: #808080;\">Isabelle Breton vous accompagne pour cultiver votre bien-\u00eatre.<br \/>\n<\/span><\/p>\n<h5><span style=\"color: #008000; font-size: 12pt;\"><span style=\"font-family: arial, helvetica, sans-serif;\"><span style=\"color: #808080;\">La sophrologie en questions<\/span><img loading=\"lazy\" decoding=\"async\" class=\"wp-image-954 alignleft\" src=\"https:\/\/ibsophrologie.fr\/wp-content\/uploads\/2018\/04\/question-mark-3255136__340-300x169.jpg\" alt=\"\" width=\"192\" height=\"108\" srcset=\"https:\/\/ibsophrologie.fr\/wp-content\/uploads\/2018\/04\/question-mark-3255136__340-300x169.jpg 300w, https:\/\/ibsophrologie.fr\/wp-content\/uploads\/2018\/04\/question-mark-3255136__340.jpg 604w\" sizes=\"auto, (max-width: 192px) 85vw, 192px\" \/><\/span><\/span><\/h5>\n<p><span style=\"color: #008000; font-size: 12pt;\"><a href=\"http:\/\/www.doctissimo.fr\/html\/dossiers\/medecines-douces\/niv2\/medecines-douces-sophrologie.htm\"><span style=\"font-family: arial, helvetica, sans-serif;\">http:\/\/www.doctissimo.fr\/html\/dossiers\/medecines-douces\/niv2\/medecines-douces-sophrologie.htm<\/span><\/a><\/span><\/p>\n<p><span style=\"font-size: 12pt;\"><span style=\"font-family: arial, helvetica, sans-serif; color: #808080;\">Pour \u00eatre heureux au travail, misez sur vos \u00e9motions plut\u00f4t que sur vos capacit\u00e9s<\/span><strong><br \/>\n<\/strong><a href=\"http:\/\/madame.lefigaro.fr\/bien-etre\/ecouter-ses-capacites-emotionnelles-pour-trouver-son-metier-240118-146648\">http:\/\/madame.lefigaro.fr\/bien-etre\/ecouter-ses-capacites-emotionnelles-pour-trouver-son-metier-240118-146648<\/a><\/span><\/p>\n<p class=\"title_alpha\"><span style=\"color: #008000; font-size: 12pt;\"><span style=\"font-family: arial, helvetica, sans-serif; color: #808080;\">Sophrologie : comment elle s&rsquo;impose dans le monde du travail<\/span><br \/>\n<a href=\"https:\/\/www.lexpress.fr\/emploi\/gestion-carriere\/sophrologie-comment-elle-s-impose-dans-le-monde-du-travail_1319369.html\"><span style=\"font-family: arial, helvetica, sans-serif;\">https:\/\/www.lexpress.fr\/emploi\/gestion-carriere\/sophrologie-comment-elle-s-impose-dans-le-monde-du-travail_1319369.html<\/span><\/a><\/span><\/p>\n<div class=\"fusion-post-content post-content\">\n<p><span style=\"font-size: 12pt;\"><span style=\"color: #339966; font-family: arial, helvetica, sans-serif;\"><span style=\"color: #808080;\">Retrouver le sommeil avec la Sophrologie<\/span><br \/>\n<\/span><a href=\"https:\/\/www.sophrologie-actualite.fr\/remettre-ses-pendules-a-lheure-avec-la-sophrologie\/\">https:\/\/www.sophrologie-actualite.fr\/remettre-ses-pendules-a-lheure-avec-la-sophrologie\/<\/a><\/span><\/p>\n<div class=\"fusion-post-content-container\">\n<p><span style=\"font-size: 12pt;\"><span style=\"color: #339966;\"><span style=\"font-family: arial, helvetica, sans-serif; color: #808080;\">Mieux vivre avec les acouph\u00e8nes<\/span><br \/>\n<\/span><a href=\"https:\/\/www.topsante.com\/medecine\/troubles-orl\/acouphenes\/acouphenes-comment-les-soulager-en-douceur-74285\">https:\/\/www.topsante.com\/medecine\/troubles-orl\/acouphenes\/acouphenes-comment-les-soulager-en-douceur-74285<\/a><\/span><\/p>\n<p><span style=\"font-size: 12pt;\"><span style=\"color: #339966; font-family: arial, helvetica, sans-serif;\"><span style=\"color: #808080;\">\u00ab\u00a0Pourquoi la sophrologie a-t-elle autant de succ\u00e8s actuellement ?<\/span><br \/>\n\u00ab\u00a0<\/span><span style=\"font-family: arial, helvetica, sans-serif;\">Le docteur Ch\u00e9n\u00e9 interrog\u00e9 par Radio Notre-Dame, avec diff\u00e9rents intervenants professionnels de la sophrologie.<br \/>\nLien vers l\u2019\u00e9mission : <a href=\"https:\/\/radionotredame.net\/emissions\/enquetedesens\/31-01-2018\/\" target=\"_blank\" rel=\"noopener\">https:\/\/radionotredame.net\/emissions\/enquetedesens\/31-01-2018\/<\/a><\/span><\/span><\/p>\n<h5><\/h5>\n<\/div>\n<\/div>\n","protected":false},"excerpt":{"rendered":"<p>Isabelle Breton vous accompagne pour cultiver votre bien-\u00eatre. La sophrologie en questions http:\/\/www.doctissimo.fr\/html\/dossiers\/medecines-douces\/niv2\/medecines-douces-sophrologie.htm Pour \u00eatre heureux au travail, misez sur vos \u00e9motions plut\u00f4t que sur vos capacit\u00e9s http:\/\/madame.lefigaro.fr\/bien-etre\/ecouter-ses-capacites-emotionnelles-pour-trouver-son-metier-240118-146648 Sophrologie : comment elle s&rsquo;impose dans le monde du travail https:\/\/www.lexpress.fr\/emploi\/gestion-carriere\/sophrologie-comment-elle-s-impose-dans-le-monde-du-travail_1319369.html Retrouver le sommeil avec la Sophrologie https:\/\/www.sophrologie-actualite.fr\/remettre-ses-pendules-a-lheure-avec-la-sophrologie\/ Mieux vivre avec les acouph\u00e8nes https:\/\/www.topsante.com\/medecine\/troubles-orl\/acouphenes\/acouphenes-comment-les-soulager-en-douceur-74285 \u00ab\u00a0Pourquoi la sophrologie &hellip; <a href=\"https:\/\/ibsophrologie.fr\/index.php\/sophrologue-75019-isabelle-breton\/\" class=\"more-link\">Continuer la lecture<span class=\"screen-reader-text\"> de &laquo;&nbsp;Liens utiles&nbsp;&raquo;<\/span><\/a><\/p>\n","protected":false},"author":1,"featured_media":0,"parent":0,"menu_order":0,"comment_status":"closed","ping_status":"closed","template":"","meta":{"_monsterinsights_skip_tracking":false,"_monsterinsights_sitenote_active":false,"_monsterinsights_sitenote_note":"","_monsterinsights_sitenote_category":0,"footnotes":""},"class_list":["post-21","page","type-page","status-publish","hentry"],"yoast_head":"<!-- This site is optimized with the Yoast SEO plugin v27.4 - https:\/\/yoast.com\/product\/yoast-seo-wordpress\/ -->\n<title>Isabelle Breton-La Sophrologie pourquoi autant de succ\u00e8s ?<\/title>\n<meta name=\"description\" content=\"Isabelle Breton vous accompagne \u00e0 cultivez votre bien-\u00eatre. La Sophrologie en questions : pourquoi conna\u00eet-elle un succ\u00e8s grandissant.\" \/>\n<meta name=\"robots\" content=\"index, follow, max-snippet:-1, max-image-preview:large, max-video-preview:-1\" \/>\n<link rel=\"canonical\" href=\"https:\/\/ibsophrologie.fr\/index.php\/sophrologue-75019-isabelle-breton\/\" \/>\n<meta property=\"og:locale\" content=\"fr_FR\" \/>\n<meta property=\"og:type\" content=\"article\" \/>\n<meta property=\"og:title\" content=\"Isabelle Breton-La Sophrologie pourquoi autant de succ\u00e8s ?\" \/>\n<meta property=\"og:description\" content=\"Isabelle Breton vous accompagne \u00e0 cultivez votre bien-\u00eatre. La Sophrologie en questions : pourquoi conna\u00eet-elle un succ\u00e8s grandissant.\" \/>\n<meta property=\"og:url\" content=\"https:\/\/ibsophrologie.fr\/index.php\/sophrologue-75019-isabelle-breton\/\" \/>\n<meta property=\"og:site_name\" content=\"Isabelle Breton 06 72 34 06 69 | Sophrologie - Hypnose - Sonoth\u00e9rapie - Paris 19 | Sp\u00e9cialiste Stress, Poids &amp; Tabac\" \/>\n<meta property=\"article:modified_time\" content=\"2021-03-30T15:24:37+00:00\" \/>\n<meta property=\"og:image\" content=\"https:\/\/ibsophrologie.fr\/wp-content\/uploads\/2018\/04\/question-mark-3255136__340-300x169.jpg\" \/>\n<meta name=\"twitter:card\" content=\"summary_large_image\" \/>\n<meta name=\"twitter:label1\" content=\"Dur\u00e9e de lecture estim\u00e9e\" \/>\n\t<meta name=\"twitter:data1\" content=\"1 minute\" \/>\n<script type=\"application\/ld+json\" class=\"yoast-schema-graph\">{\"@context\":\"https:\\\/\\\/schema.org\",\"@graph\":[{\"@type\":\"WebPage\",\"@id\":\"https:\\\/\\\/ibsophrologie.fr\\\/index.php\\\/sophrologue-75019-isabelle-breton\\\/\",\"url\":\"https:\\\/\\\/ibsophrologie.fr\\\/index.php\\\/sophrologue-75019-isabelle-breton\\\/\",\"name\":\"Isabelle Breton-La Sophrologie pourquoi autant de succ\u00e8s ?\",\"isPartOf\":{\"@id\":\"https:\\\/\\\/ibsophrologie.fr\\\/#website\"},\"primaryImageOfPage\":{\"@id\":\"https:\\\/\\\/ibsophrologie.fr\\\/index.php\\\/sophrologue-75019-isabelle-breton\\\/#primaryimage\"},\"image\":{\"@id\":\"https:\\\/\\\/ibsophrologie.fr\\\/index.php\\\/sophrologue-75019-isabelle-breton\\\/#primaryimage\"},\"thumbnailUrl\":\"https:\\\/\\\/ibsophrologie.fr\\\/wp-content\\\/uploads\\\/2018\\\/04\\\/question-mark-3255136__340-300x169.jpg\",\"datePublished\":\"2018-02-25T15:08:42+00:00\",\"dateModified\":\"2021-03-30T15:24:37+00:00\",\"description\":\"Isabelle Breton vous accompagne \u00e0 cultivez votre bien-\u00eatre. La Sophrologie en questions : pourquoi conna\u00eet-elle un succ\u00e8s grandissant.\",\"breadcrumb\":{\"@id\":\"https:\\\/\\\/ibsophrologie.fr\\\/index.php\\\/sophrologue-75019-isabelle-breton\\\/#breadcrumb\"},\"inLanguage\":\"fr-FR\",\"potentialAction\":[{\"@type\":\"ReadAction\",\"target\":[\"https:\\\/\\\/ibsophrologie.fr\\\/index.php\\\/sophrologue-75019-isabelle-breton\\\/\"]}]},{\"@type\":\"ImageObject\",\"inLanguage\":\"fr-FR\",\"@id\":\"https:\\\/\\\/ibsophrologie.fr\\\/index.php\\\/sophrologue-75019-isabelle-breton\\\/#primaryimage\",\"url\":\"https:\\\/\\\/ibsophrologie.fr\\\/wp-content\\\/uploads\\\/2018\\\/04\\\/question-mark-3255136__340.jpg\",\"contentUrl\":\"https:\\\/\\\/ibsophrologie.fr\\\/wp-content\\\/uploads\\\/2018\\\/04\\\/question-mark-3255136__340.jpg\",\"width\":604,\"height\":340},{\"@type\":\"BreadcrumbList\",\"@id\":\"https:\\\/\\\/ibsophrologie.fr\\\/index.php\\\/sophrologue-75019-isabelle-breton\\\/#breadcrumb\",\"itemListElement\":[{\"@type\":\"ListItem\",\"position\":1,\"name\":\"Accueil\",\"item\":\"https:\\\/\\\/ibsophrologie.fr\\\/\"},{\"@type\":\"ListItem\",\"position\":2,\"name\":\"Liens utiles\"}]},{\"@type\":\"WebSite\",\"@id\":\"https:\\\/\\\/ibsophrologie.fr\\\/#website\",\"url\":\"https:\\\/\\\/ibsophrologie.fr\\\/\",\"name\":\"Isabelle Breton 06 72 34 06 69 | Sophrologie - Hypnose - Sonoth\u00e9rapie - Paris 19 | Sp\u00e9cialiste Stress, Poids &amp; Tabac\",\"description\":\"&quot;Etre toujours attentif \u00e0 ce qui est, c&#039;est le principe de base qui permet de red\u00e9couvrir la beaut\u00e9 des choses et sa propre existence&quot;\",\"potentialAction\":[{\"@type\":\"SearchAction\",\"target\":{\"@type\":\"EntryPoint\",\"urlTemplate\":\"https:\\\/\\\/ibsophrologie.fr\\\/?s={search_term_string}\"},\"query-input\":{\"@type\":\"PropertyValueSpecification\",\"valueRequired\":true,\"valueName\":\"search_term_string\"}}],\"inLanguage\":\"fr-FR\"}]}<\/script>\n<!-- \/ Yoast SEO plugin. -->","yoast_head_json":{"title":"Isabelle Breton-La Sophrologie pourquoi autant de succ\u00e8s ?","description":"Isabelle Breton vous accompagne \u00e0 cultivez votre bien-\u00eatre. La Sophrologie en questions : pourquoi conna\u00eet-elle un succ\u00e8s grandissant.","robots":{"index":"index","follow":"follow","max-snippet":"max-snippet:-1","max-image-preview":"max-image-preview:large","max-video-preview":"max-video-preview:-1"},"canonical":"https:\/\/ibsophrologie.fr\/index.php\/sophrologue-75019-isabelle-breton\/","og_locale":"fr_FR","og_type":"article","og_title":"Isabelle Breton-La Sophrologie pourquoi autant de succ\u00e8s ?","og_description":"Isabelle Breton vous accompagne \u00e0 cultivez votre bien-\u00eatre. La Sophrologie en questions : pourquoi conna\u00eet-elle un succ\u00e8s grandissant.","og_url":"https:\/\/ibsophrologie.fr\/index.php\/sophrologue-75019-isabelle-breton\/","og_site_name":"Isabelle Breton 06 72 34 06 69 | Sophrologie - Hypnose - Sonoth\u00e9rapie - Paris 19 | Sp\u00e9cialiste Stress, Poids &amp; Tabac","article_modified_time":"2021-03-30T15:24:37+00:00","og_image":[{"url":"https:\/\/ibsophrologie.fr\/wp-content\/uploads\/2018\/04\/question-mark-3255136__340-300x169.jpg","type":"","width":"","height":""}],"twitter_card":"summary_large_image","twitter_misc":{"Dur\u00e9e de lecture estim\u00e9e":"1 minute"},"schema":{"@context":"https:\/\/schema.org","@graph":[{"@type":"WebPage","@id":"https:\/\/ibsophrologie.fr\/index.php\/sophrologue-75019-isabelle-breton\/","url":"https:\/\/ibsophrologie.fr\/index.php\/sophrologue-75019-isabelle-breton\/","name":"Isabelle Breton-La Sophrologie pourquoi autant de succ\u00e8s ?","isPartOf":{"@id":"https:\/\/ibsophrologie.fr\/#website"},"primaryImageOfPage":{"@id":"https:\/\/ibsophrologie.fr\/index.php\/sophrologue-75019-isabelle-breton\/#primaryimage"},"image":{"@id":"https:\/\/ibsophrologie.fr\/index.php\/sophrologue-75019-isabelle-breton\/#primaryimage"},"thumbnailUrl":"https:\/\/ibsophrologie.fr\/wp-content\/uploads\/2018\/04\/question-mark-3255136__340-300x169.jpg","datePublished":"2018-02-25T15:08:42+00:00","dateModified":"2021-03-30T15:24:37+00:00","description":"Isabelle Breton vous accompagne \u00e0 cultivez votre bien-\u00eatre. La Sophrologie en questions : pourquoi conna\u00eet-elle un succ\u00e8s grandissant.","breadcrumb":{"@id":"https:\/\/ibsophrologie.fr\/index.php\/sophrologue-75019-isabelle-breton\/#breadcrumb"},"inLanguage":"fr-FR","potentialAction":[{"@type":"ReadAction","target":["https:\/\/ibsophrologie.fr\/index.php\/sophrologue-75019-isabelle-breton\/"]}]},{"@type":"ImageObject","inLanguage":"fr-FR","@id":"https:\/\/ibsophrologie.fr\/index.php\/sophrologue-75019-isabelle-breton\/#primaryimage","url":"https:\/\/ibsophrologie.fr\/wp-content\/uploads\/2018\/04\/question-mark-3255136__340.jpg","contentUrl":"https:\/\/ibsophrologie.fr\/wp-content\/uploads\/2018\/04\/question-mark-3255136__340.jpg","width":604,"height":340},{"@type":"BreadcrumbList","@id":"https:\/\/ibsophrologie.fr\/index.php\/sophrologue-75019-isabelle-breton\/#breadcrumb","itemListElement":[{"@type":"ListItem","position":1,"name":"Accueil","item":"https:\/\/ibsophrologie.fr\/"},{"@type":"ListItem","position":2,"name":"Liens utiles"}]},{"@type":"WebSite","@id":"https:\/\/ibsophrologie.fr\/#website","url":"https:\/\/ibsophrologie.fr\/","name":"Isabelle Breton 06 72 34 06 69 | Sophrologie - Hypnose - Sonoth\u00e9rapie - Paris 19 | Sp\u00e9cialiste Stress, Poids &amp; Tabac","description":"&quot;Etre toujours attentif \u00e0 ce qui est, c&#039;est le principe de base qui permet de red\u00e9couvrir la beaut\u00e9 des choses et sa propre existence&quot;","potentialAction":[{"@type":"SearchAction","target":{"@type":"EntryPoint","urlTemplate":"https:\/\/ibsophrologie.fr\/?s={search_term_string}"},"query-input":{"@type":"PropertyValueSpecification","valueRequired":true,"valueName":"search_term_string"}}],"inLanguage":"fr-FR"}]}},"_links":{"self":[{"href":"https:\/\/ibsophrologie.fr\/index.php\/wp-json\/wp\/v2\/pages\/21","targetHints":{"allow":["GET"]}}],"collection":[{"href":"https:\/\/ibsophrologie.fr\/index.php\/wp-json\/wp\/v2\/pages"}],"about":[{"href":"https:\/\/ibsophrologie.fr\/index.php\/wp-json\/wp\/v2\/types\/page"}],"author":[{"embeddable":true,"href":"https:\/\/ibsophrologie.fr\/index.php\/wp-json\/wp\/v2\/users\/1"}],"replies":[{"embeddable":true,"href":"https:\/\/ibsophrologie.fr\/index.php\/wp-json\/wp\/v2\/comments?post=21"}],"version-history":[{"count":32,"href":"https:\/\/ibsophrologie.fr\/index.php\/wp-json\/wp\/v2\/pages\/21\/revisions"}],"predecessor-version":[{"id":1565,"href":"https:\/\/ibsophrologie.fr\/index.php\/wp-json\/wp\/v2\/pages\/21\/revisions\/1565"}],"wp:attachment":[{"href":"https:\/\/ibsophrologie.fr\/index.php\/wp-json\/wp\/v2\/media?parent=21"}],"curies":[{"name":"wp","href":"https:\/\/api.w.org\/{rel}","templated":true}]}}