{"id":213,"date":"2018-02-26T13:28:34","date_gmt":"2018-02-26T12:28:34","guid":{"rendered":"https:\/\/ibsophrologie.fr\/?page_id=213"},"modified":"2024-06-04T17:06:21","modified_gmt":"2024-06-04T15:06:21","slug":"qualite-de-vie-au-travail-et-sophrologie","status":"publish","type":"page","link":"https:\/\/ibsophrologie.fr\/index.php\/qualite-de-vie-au-travail-et-sophrologie\/","title":{"rendered":"Vous \u00eates DRH, dirigeants&#8230;"},"content":{"rendered":"<p><span style=\"color: #333333;\"><strong><span style=\"font-family: arial, helvetica, sans-serif; font-size: 14pt;\">Conciliez qualit\u00e9 de vie au travail et performance \u00e9conomique au sein de votre entreprise\u2026<\/span><\/strong><\/span><\/p>\n<p><span style=\"font-family: arial, helvetica, sans-serif;\"><strong><span style=\"color: #808080;\">La qualit\u00e9 de vie au travail.<\/span><\/strong><\/span><\/p>\n<p style=\"text-align: justify;\"><span style=\"color: #808080; font-family: arial, helvetica, sans-serif;\">Chaque collaborateur est un \u00eatre humain singulier et unique qui m\u00e9rite une attention individuelle particuli\u00e8re\u2026<\/span><\/p>\n<p style=\"text-align: justify;\"><span style=\"color: #808080; font-family: arial, helvetica, sans-serif;\">Les changements technologiques, \u00e9conomiques, industriels, soci\u00e9taux, organisationnels et commerciaux sont de plus en plus nombreux et rapides. Ils bouleversent le monde du travail et l\u2019organisation des entreprises. Ils influencent les pens\u00e9es, les attentes, les relations interpersonnelles (sens du travail et de bien-\u00eatre) au sein de l\u2019entreprise.<\/span><\/p>\n<p style=\"text-align: justify;\"><span style=\"color: #808080; font-family: arial, helvetica, sans-serif;\">Chacun sait que la performance d\u2019une entreprise d\u00e9pend en grande partie de l\u2019engagement de ses collaborateurs\u2026<\/span><br \/>\n<span style=\"color: #808080; font-family: arial, helvetica, sans-serif;\"> <img loading=\"lazy\" decoding=\"async\" class=\" wp-image-516 alignleft\" src=\"https:\/\/ibsophrologie.fr\/wp-content\/uploads\/2018\/03\/people-3152585_960_720-300x200.jpg\" alt=\"\" width=\"356\" height=\"237\" srcset=\"https:\/\/ibsophrologie.fr\/wp-content\/uploads\/2018\/03\/people-3152585_960_720-300x200.jpg 300w, https:\/\/ibsophrologie.fr\/wp-content\/uploads\/2018\/03\/people-3152585_960_720-768x512.jpg 768w, https:\/\/ibsophrologie.fr\/wp-content\/uploads\/2018\/03\/people-3152585_960_720.jpg 960w\" sizes=\"auto, (max-width: 356px) 85vw, 356px\" \/><\/span><br \/>\n<span style=\"font-family: arial, helvetica, sans-serif;\"><span style=\"color: #808080;\"> La mise en place d\u2019un environnement de travail qui favorise de bonnes c<\/span><span style=\"color: #333333;\"><span style=\"color: #808080;\">onditions de travail est<\/span> <span style=\"color: #808080;\">un facteur d\u2019\u00e9panouissement et d\u2019int\u00e9gration, d\u2019implication pour les salari\u00e9s\u2026<\/span><\/span><\/span><\/p>\n<p style=\"text-align: justify;\"><span style=\"color: #808080; font-family: arial, helvetica, sans-serif;\">Alors cultivez leur bien-\u00eatre \u2026\u00a0\u00a0<\/span><\/p>\n<p style=\"text-align: left;\"><span style=\"color: #808080; font-family: arial, helvetica, sans-serif;\">Int\u00e9grez la Sophrologie dans un processus de gestion des ressources humaines&#8230;<\/span><\/p>\n<h5><span style=\"color: #333333;\"><strong>Offrez-leur un voyage en Sophrologie !<\/strong><\/span><\/h5>\n<p style=\"text-align: justify;\"><span style=\"color: #808080; font-family: arial, helvetica, sans-serif;\">La Sophrologie <strong>favorise<\/strong> l\u2019adaptation aux situations nouvelles, les relations humaines, la coh\u00e9sion des \u00e9quipes. Elle <strong>r\u00e9gule<\/strong> la gestion du temps, les conflits.<\/span><\/p>\n<p style=\"text-align: justify;\"><span style=\"color: #808080; font-family: arial, helvetica, sans-serif;\">La Sophrologie<strong> accompagne<\/strong> tous les acteurs de l\u2019entreprise pour am\u00e9liorer le quotidien, <strong>pr\u00e9vient <\/strong>les risques psychosociaux (R.P.S.) et <strong>participe <\/strong>\u00e0 la qualit\u00e9 de vie au travail.<\/span><\/p>\n<p style=\"text-align: justify;\"><span style=\"color: #808080; font-family: arial, helvetica, sans-serif;\"><strong>Permettez \u00e0 vos salari\u00e9s de devenir acteurs de leur qualit\u00e9 de vie au travail !<\/strong><\/span><\/p>\n<p><span style=\"color: #333333; font-family: arial, helvetica, sans-serif; font-size: 12pt;\"><strong>La Sophrologie leur offre une bo\u00eete \u00e0 outils pour :<\/strong><\/span><\/p>\n<p><span style=\"font-family: arial, helvetica, sans-serif; color: #808080;\">\u2022 Apprendre \u00e0 se d\u00e9tendre<\/span><br \/>\n<span style=\"font-family: arial, helvetica, sans-serif; color: #808080;\"> \u2022 Installer le calme<\/span><br \/>\n<span style=\"font-family: arial, helvetica, sans-serif; color: #808080;\"> \u2022 Prendre conscience de sa capacit\u00e9 \u00e0 se dynamiser et \u00e0 retrouver de l\u2019\u00e9nergie<\/span><br \/>\n<span style=\"font-family: arial, helvetica, sans-serif; color: #808080;\"> \u2022 Prendre conscience de sa capacit\u00e9 \u00e0 activer la confiance en soi<\/span><br \/>\n<span style=\"font-family: arial, helvetica, sans-serif; color: #808080;\"> \u2022 Optimiser sa motivation<\/span><br \/>\n<span style=\"font-family: arial, helvetica, sans-serif; color: #808080;\"> \u2022 G\u00e9n\u00e9rer une attitude positive au quotidien<\/span><br \/>\n<span style=\"font-family: arial, helvetica, sans-serif; color: #808080;\"> \u2022 Prendre du recul face aux \u00e9v\u00e9nements<\/span><br \/>\n<span style=\"font-family: arial, helvetica, sans-serif; color: #808080;\"> \u2022 S\u2019adapter \u00e0 de nouvelles situations<\/span><br \/>\n<span style=\"font-family: arial, helvetica, sans-serif; color: #808080;\"> \u2022 S\u2019apaiser en \u00e9vacuant le stress<\/span><br \/>\n<span style=\"font-family: arial, helvetica, sans-serif; color: #808080;\"> \u2022 Evacuer les tensions<\/span><br \/>\n<span style=\"font-family: arial, helvetica, sans-serif; color: #808080;\"> \u2022 Eliminer la fatigue<\/span><\/p>\n<hr \/>\n<p><span style=\"font-family: arial, helvetica, sans-serif; font-size: 18pt; color: #808080;\"><strong>Comment ?<\/strong><\/span><\/p>\n<p><span style=\"color: #808080; font-family: arial, helvetica, sans-serif;\">Plusieurs formules possibles :<\/span><\/p>\n<table style=\"width: 765px;\">\n<tbody>\n<tr>\n<td style=\"width: 218.333px;\"><span style=\"font-family: arial, helvetica, sans-serif; color: #808080;\"><strong>En groupe ouvert <\/strong><\/span><\/td>\n<td style=\"width: 514.667px;\"><span style=\"font-family: arial, helvetica, sans-serif; color: #808080;\"> chaque s\u00e9ance est pratiqu\u00e9e ind\u00e9pendamment et apporte des r\u00e9ponses \u00e0 des besoins pr\u00e9cis<\/span><\/td>\n<\/tr>\n<tr>\n<td style=\"width: 218.333px;\"><span style=\"font-family: arial, helvetica, sans-serif; color: #808080;\"><strong>En groupe ferm\u00e9<\/strong><\/span><\/td>\n<td style=\"width: 514.667px;\"><span style=\"font-family: arial, helvetica, sans-serif; color: #808080;\">permet d\u2019int\u00e9grer un collectif autour d\u2019un objectif commun<\/span><\/td>\n<\/tr>\n<tr>\n<td style=\"width: 218.333px;\"><span style=\"font-family: arial, helvetica, sans-serif; color: #808080;\"><strong>S\u00e9minaire de 1 \u00e0 3 journ\u00e9es<\/strong><\/span><\/td>\n<td style=\"width: 514.667px;\"><span style=\"font-family: arial, helvetica, sans-serif; color: #808080;\">r\u00e9pond \u00e0 une probl\u00e9matique sp\u00e9cifique de l\u2019entreprise<\/span><\/td>\n<\/tr>\n<tr>\n<td style=\"width: 218.333px;\"><span style=\"color: #808080;\"><strong><span style=\"font-family: arial, helvetica, sans-serif;\">Suivi individualis\u00e9<\/span> <\/strong><\/span><\/td>\n<td style=\"width: 514.667px;\"><span style=\"font-family: arial, helvetica, sans-serif; color: #808080;\">r\u00e9pond \u00e0 une demande sp\u00e9cifique<\/span><\/td>\n<\/tr>\n<\/tbody>\n<\/table>\n<table style=\"width: 765px;\">\n<tbody>\n<tr>\n<td style=\"width: 217.183px;\"><span style=\"font-family: arial, helvetica, sans-serif; color: #808080;\"><strong>Moyens n\u00e9cessaires<\/strong><\/span><\/td>\n<td style=\"width: 515.817px;\"><span style=\"font-family: arial, helvetica, sans-serif; color: #808080;\">1 salle avec des chaises, pas de tenue vestimentaire particuli\u00e8re<\/span><\/td>\n<\/tr>\n<tr>\n<td style=\"width: 217.183px;\"><span style=\"font-family: arial, helvetica, sans-serif; color: #808080;\"><strong>Fr\u00e9quence<\/strong> <\/span><\/td>\n<td style=\"width: 515.817px;\"><span style=\"font-family: arial, helvetica, sans-serif; color: #808080;\">hebdomadaire, bimensuelle, mensuelle<\/span><\/td>\n<\/tr>\n<tr>\n<td style=\"width: 217.183px;\"><span style=\"font-family: arial, helvetica, sans-serif; color: #808080;\"><strong>Groupe<\/strong><\/span><\/td>\n<td style=\"width: 515.817px;\"><span style=\"font-family: arial, helvetica, sans-serif; color: #808080;\">4 \u00e0 15 personnes<\/span><\/td>\n<\/tr>\n<tr>\n<td style=\"width: 217.183px;\"><span style=\"font-family: arial, helvetica, sans-serif; color: #808080;\"><strong>Dur\u00e9e<\/strong><\/span><\/td>\n<td style=\"width: 515.817px;\"><span style=\"font-family: arial, helvetica, sans-serif; color: #808080;\">45 min \u00e0 1 heure<br \/>\n<\/span><\/td>\n<\/tr>\n<\/tbody>\n<\/table>\n<hr \/>\n<p><strong><span style=\"color: #808080;\"><span style=\"font-family: arial, helvetica, sans-serif;\">Pour d\u00e9finir ensemble les modalit\u00e9s d\u2019intervention, devis et tarifs sur demande :<\/span><\/span><\/strong><\/p>\n<p style=\"text-align: center;\"><span style=\"color: #808080;\"><span style=\"font-family: arial, helvetica, sans-serif;\">\u00a0<span style=\"color: #808080;\"><a style=\"color: #808080;\" href=\"https:\/\/ibsophrologie.fr\/index.php\/me-contacter\/\"><strong><span style=\"font-family: arial, helvetica, sans-serif; font-size: 10pt;\">Me contacter<\/span><\/strong><\/a><\/span><\/span><\/span><\/p>\n","protected":false},"excerpt":{"rendered":"<p>Conciliez qualit\u00e9 de vie au travail et performance \u00e9conomique au sein de votre entreprise\u2026 La qualit\u00e9 de vie au travail. Chaque collaborateur est un \u00eatre humain singulier et unique qui m\u00e9rite une attention individuelle particuli\u00e8re\u2026 Les changements technologiques, \u00e9conomiques, industriels, soci\u00e9taux, organisationnels et commerciaux sont de plus en plus nombreux et rapides. Ils bouleversent le &hellip; <a href=\"https:\/\/ibsophrologie.fr\/index.php\/qualite-de-vie-au-travail-et-sophrologie\/\" class=\"more-link\">Continuer la lecture<span class=\"screen-reader-text\"> de &laquo;&nbsp;Vous \u00eates DRH, dirigeants&#8230;&nbsp;&raquo;<\/span><\/a><\/p>\n","protected":false},"author":1,"featured_media":0,"parent":0,"menu_order":0,"comment_status":"closed","ping_status":"closed","template":"","meta":{"_monsterinsights_skip_tracking":false,"_monsterinsights_sitenote_active":false,"_monsterinsights_sitenote_note":"","_monsterinsights_sitenote_category":0,"footnotes":""},"class_list":["post-213","page","type-page","status-publish","hentry"],"yoast_head":"<!-- This site is optimized with the Yoast SEO plugin v27.5 - https:\/\/yoast.com\/product\/yoast-seo-wordpress\/ -->\n<title>Qualit\u00e9 de vie au travail avec la Sophrologie<\/title>\n<meta name=\"description\" content=\"La qualit\u00e9 de vie au travail avec la Sophrologie. La Sophrologie apporte une bo\u00eete \u00e0 outils pour favoriser l\u2019adaptation aux situations nouvelles, les relations humaines, la coh\u00e9sion des \u00e9quipes.\" \/>\n<meta name=\"robots\" content=\"index, follow, max-snippet:-1, max-image-preview:large, max-video-preview:-1\" \/>\n<link rel=\"canonical\" href=\"https:\/\/ibsophrologie.fr\/index.php\/qualite-de-vie-au-travail-et-sophrologie\/\" \/>\n<meta property=\"og:locale\" content=\"fr_FR\" \/>\n<meta property=\"og:type\" content=\"article\" \/>\n<meta property=\"og:title\" content=\"Qualit\u00e9 de vie au travail avec la Sophrologie\" \/>\n<meta property=\"og:description\" content=\"La qualit\u00e9 de vie au travail avec la Sophrologie. La Sophrologie apporte une bo\u00eete \u00e0 outils pour favoriser l\u2019adaptation aux situations nouvelles, les relations humaines, la coh\u00e9sion des \u00e9quipes.\" \/>\n<meta property=\"og:url\" content=\"https:\/\/ibsophrologie.fr\/index.php\/qualite-de-vie-au-travail-et-sophrologie\/\" \/>\n<meta property=\"og:site_name\" content=\"Isabelle Breton 06 72 34 06 69 | Sophrologie - Hypnose - Sonoth\u00e9rapie - Paris 19 | Sp\u00e9cialiste Stress, Poids &amp; Tabac\" \/>\n<meta property=\"article:modified_time\" content=\"2024-06-04T15:06:21+00:00\" \/>\n<meta property=\"og:image\" content=\"https:\/\/ibsophrologie.fr\/wp-content\/uploads\/2018\/03\/people-3152585_960_720-300x200.jpg\" \/>\n<meta name=\"twitter:card\" content=\"summary_large_image\" \/>\n<meta name=\"twitter:label1\" content=\"Dur\u00e9e de lecture estim\u00e9e\" \/>\n\t<meta name=\"twitter:data1\" content=\"3 minutes\" \/>\n<script type=\"application\/ld+json\" class=\"yoast-schema-graph\">{\"@context\":\"https:\\\/\\\/schema.org\",\"@graph\":[{\"@type\":\"WebPage\",\"@id\":\"https:\\\/\\\/ibsophrologie.fr\\\/index.php\\\/qualite-de-vie-au-travail-et-sophrologie\\\/\",\"url\":\"https:\\\/\\\/ibsophrologie.fr\\\/index.php\\\/qualite-de-vie-au-travail-et-sophrologie\\\/\",\"name\":\"Qualit\u00e9 de vie au travail avec la Sophrologie\",\"isPartOf\":{\"@id\":\"https:\\\/\\\/ibsophrologie.fr\\\/#website\"},\"primaryImageOfPage\":{\"@id\":\"https:\\\/\\\/ibsophrologie.fr\\\/index.php\\\/qualite-de-vie-au-travail-et-sophrologie\\\/#primaryimage\"},\"image\":{\"@id\":\"https:\\\/\\\/ibsophrologie.fr\\\/index.php\\\/qualite-de-vie-au-travail-et-sophrologie\\\/#primaryimage\"},\"thumbnailUrl\":\"https:\\\/\\\/ibsophrologie.fr\\\/wp-content\\\/uploads\\\/2018\\\/03\\\/people-3152585_960_720-300x200.jpg\",\"datePublished\":\"2018-02-26T12:28:34+00:00\",\"dateModified\":\"2024-06-04T15:06:21+00:00\",\"description\":\"La qualit\u00e9 de vie au travail avec la Sophrologie. La Sophrologie apporte une bo\u00eete \u00e0 outils pour favoriser l\u2019adaptation aux situations nouvelles, les relations humaines, la coh\u00e9sion des \u00e9quipes.\",\"breadcrumb\":{\"@id\":\"https:\\\/\\\/ibsophrologie.fr\\\/index.php\\\/qualite-de-vie-au-travail-et-sophrologie\\\/#breadcrumb\"},\"inLanguage\":\"fr-FR\",\"potentialAction\":[{\"@type\":\"ReadAction\",\"target\":[\"https:\\\/\\\/ibsophrologie.fr\\\/index.php\\\/qualite-de-vie-au-travail-et-sophrologie\\\/\"]}]},{\"@type\":\"ImageObject\",\"inLanguage\":\"fr-FR\",\"@id\":\"https:\\\/\\\/ibsophrologie.fr\\\/index.php\\\/qualite-de-vie-au-travail-et-sophrologie\\\/#primaryimage\",\"url\":\"https:\\\/\\\/ibsophrologie.fr\\\/wp-content\\\/uploads\\\/2018\\\/03\\\/people-3152585_960_720.jpg\",\"contentUrl\":\"https:\\\/\\\/ibsophrologie.fr\\\/wp-content\\\/uploads\\\/2018\\\/03\\\/people-3152585_960_720.jpg\",\"width\":960,\"height\":640},{\"@type\":\"BreadcrumbList\",\"@id\":\"https:\\\/\\\/ibsophrologie.fr\\\/index.php\\\/qualite-de-vie-au-travail-et-sophrologie\\\/#breadcrumb\",\"itemListElement\":[{\"@type\":\"ListItem\",\"position\":1,\"name\":\"Accueil\",\"item\":\"https:\\\/\\\/ibsophrologie.fr\\\/\"},{\"@type\":\"ListItem\",\"position\":2,\"name\":\"Vous \u00eates DRH, dirigeants&#8230;\"}]},{\"@type\":\"WebSite\",\"@id\":\"https:\\\/\\\/ibsophrologie.fr\\\/#website\",\"url\":\"https:\\\/\\\/ibsophrologie.fr\\\/\",\"name\":\"Isabelle Breton 06 72 34 06 69 | Sophrologie - Hypnose - Sonoth\u00e9rapie - Paris 19 | Sp\u00e9cialiste Stress, Poids &amp; Tabac\",\"description\":\"&quot;Etre toujours attentif \u00e0 ce qui est, c&#039;est le principe de base qui permet de red\u00e9couvrir la beaut\u00e9 des choses et sa propre existence&quot;\",\"potentialAction\":[{\"@type\":\"SearchAction\",\"target\":{\"@type\":\"EntryPoint\",\"urlTemplate\":\"https:\\\/\\\/ibsophrologie.fr\\\/?s={search_term_string}\"},\"query-input\":{\"@type\":\"PropertyValueSpecification\",\"valueRequired\":true,\"valueName\":\"search_term_string\"}}],\"inLanguage\":\"fr-FR\"}]}<\/script>\n<!-- \/ Yoast SEO plugin. -->","yoast_head_json":{"title":"Qualit\u00e9 de vie au travail avec la Sophrologie","description":"La qualit\u00e9 de vie au travail avec la Sophrologie. La Sophrologie apporte une bo\u00eete \u00e0 outils pour favoriser l\u2019adaptation aux situations nouvelles, les relations humaines, la coh\u00e9sion des \u00e9quipes.","robots":{"index":"index","follow":"follow","max-snippet":"max-snippet:-1","max-image-preview":"max-image-preview:large","max-video-preview":"max-video-preview:-1"},"canonical":"https:\/\/ibsophrologie.fr\/index.php\/qualite-de-vie-au-travail-et-sophrologie\/","og_locale":"fr_FR","og_type":"article","og_title":"Qualit\u00e9 de vie au travail avec la Sophrologie","og_description":"La qualit\u00e9 de vie au travail avec la Sophrologie. La Sophrologie apporte une bo\u00eete \u00e0 outils pour favoriser l\u2019adaptation aux situations nouvelles, les relations humaines, la coh\u00e9sion des \u00e9quipes.","og_url":"https:\/\/ibsophrologie.fr\/index.php\/qualite-de-vie-au-travail-et-sophrologie\/","og_site_name":"Isabelle Breton 06 72 34 06 69 | Sophrologie - Hypnose - Sonoth\u00e9rapie - Paris 19 | Sp\u00e9cialiste Stress, Poids &amp; Tabac","article_modified_time":"2024-06-04T15:06:21+00:00","og_image":[{"url":"https:\/\/ibsophrologie.fr\/wp-content\/uploads\/2018\/03\/people-3152585_960_720-300x200.jpg","type":"","width":"","height":""}],"twitter_card":"summary_large_image","twitter_misc":{"Dur\u00e9e de lecture estim\u00e9e":"3 minutes"},"schema":{"@context":"https:\/\/schema.org","@graph":[{"@type":"WebPage","@id":"https:\/\/ibsophrologie.fr\/index.php\/qualite-de-vie-au-travail-et-sophrologie\/","url":"https:\/\/ibsophrologie.fr\/index.php\/qualite-de-vie-au-travail-et-sophrologie\/","name":"Qualit\u00e9 de vie au travail avec la Sophrologie","isPartOf":{"@id":"https:\/\/ibsophrologie.fr\/#website"},"primaryImageOfPage":{"@id":"https:\/\/ibsophrologie.fr\/index.php\/qualite-de-vie-au-travail-et-sophrologie\/#primaryimage"},"image":{"@id":"https:\/\/ibsophrologie.fr\/index.php\/qualite-de-vie-au-travail-et-sophrologie\/#primaryimage"},"thumbnailUrl":"https:\/\/ibsophrologie.fr\/wp-content\/uploads\/2018\/03\/people-3152585_960_720-300x200.jpg","datePublished":"2018-02-26T12:28:34+00:00","dateModified":"2024-06-04T15:06:21+00:00","description":"La qualit\u00e9 de vie au travail avec la Sophrologie. La Sophrologie apporte une bo\u00eete \u00e0 outils pour favoriser l\u2019adaptation aux situations nouvelles, les relations humaines, la coh\u00e9sion des \u00e9quipes.","breadcrumb":{"@id":"https:\/\/ibsophrologie.fr\/index.php\/qualite-de-vie-au-travail-et-sophrologie\/#breadcrumb"},"inLanguage":"fr-FR","potentialAction":[{"@type":"ReadAction","target":["https:\/\/ibsophrologie.fr\/index.php\/qualite-de-vie-au-travail-et-sophrologie\/"]}]},{"@type":"ImageObject","inLanguage":"fr-FR","@id":"https:\/\/ibsophrologie.fr\/index.php\/qualite-de-vie-au-travail-et-sophrologie\/#primaryimage","url":"https:\/\/ibsophrologie.fr\/wp-content\/uploads\/2018\/03\/people-3152585_960_720.jpg","contentUrl":"https:\/\/ibsophrologie.fr\/wp-content\/uploads\/2018\/03\/people-3152585_960_720.jpg","width":960,"height":640},{"@type":"BreadcrumbList","@id":"https:\/\/ibsophrologie.fr\/index.php\/qualite-de-vie-au-travail-et-sophrologie\/#breadcrumb","itemListElement":[{"@type":"ListItem","position":1,"name":"Accueil","item":"https:\/\/ibsophrologie.fr\/"},{"@type":"ListItem","position":2,"name":"Vous \u00eates DRH, dirigeants&#8230;"}]},{"@type":"WebSite","@id":"https:\/\/ibsophrologie.fr\/#website","url":"https:\/\/ibsophrologie.fr\/","name":"Isabelle Breton 06 72 34 06 69 | Sophrologie - Hypnose - Sonoth\u00e9rapie - Paris 19 | Sp\u00e9cialiste Stress, Poids &amp; Tabac","description":"&quot;Etre toujours attentif \u00e0 ce qui est, c&#039;est le principe de base qui permet de red\u00e9couvrir la beaut\u00e9 des choses et sa propre existence&quot;","potentialAction":[{"@type":"SearchAction","target":{"@type":"EntryPoint","urlTemplate":"https:\/\/ibsophrologie.fr\/?s={search_term_string}"},"query-input":{"@type":"PropertyValueSpecification","valueRequired":true,"valueName":"search_term_string"}}],"inLanguage":"fr-FR"}]}},"_links":{"self":[{"href":"https:\/\/ibsophrologie.fr\/index.php\/wp-json\/wp\/v2\/pages\/213","targetHints":{"allow":["GET"]}}],"collection":[{"href":"https:\/\/ibsophrologie.fr\/index.php\/wp-json\/wp\/v2\/pages"}],"about":[{"href":"https:\/\/ibsophrologie.fr\/index.php\/wp-json\/wp\/v2\/types\/page"}],"author":[{"embeddable":true,"href":"https:\/\/ibsophrologie.fr\/index.php\/wp-json\/wp\/v2\/users\/1"}],"replies":[{"embeddable":true,"href":"https:\/\/ibsophrologie.fr\/index.php\/wp-json\/wp\/v2\/comments?post=213"}],"version-history":[{"count":62,"href":"https:\/\/ibsophrologie.fr\/index.php\/wp-json\/wp\/v2\/pages\/213\/revisions"}],"predecessor-version":[{"id":3592,"href":"https:\/\/ibsophrologie.fr\/index.php\/wp-json\/wp\/v2\/pages\/213\/revisions\/3592"}],"wp:attachment":[{"href":"https:\/\/ibsophrologie.fr\/index.php\/wp-json\/wp\/v2\/media?parent=213"}],"curies":[{"name":"wp","href":"https:\/\/api.w.org\/{rel}","templated":true}]}}