{"id":2866,"date":"2023-12-10T11:42:13","date_gmt":"2023-12-10T10:42:13","guid":{"rendered":"https:\/\/ibsophrologie.fr\/?page_id=2866"},"modified":"2025-02-06T15:20:53","modified_gmt":"2025-02-06T14:20:53","slug":"progamme-inspire-pour-transformer-votre-vie","status":"publish","type":"page","link":"https:\/\/ibsophrologie.fr\/index.php\/progamme-inspire-pour-transformer-votre-vie\/","title":{"rendered":"INSPIRE : Transformez votre vie en 5 jours !"},"content":{"rendered":"\n\n\n<figure class=\"wp-block-gallery has-nested-images columns-default is-cropped wp-block-gallery-1 is-layout-flex wp-block-gallery-is-layout-flex\">\n<figure class=\"wp-block-image size-large\"><img loading=\"lazy\" decoding=\"async\" width=\"724\" height=\"1024\" data-id=\"3529\" src=\"https:\/\/ibsophrologie.fr\/wp-content\/uploads\/2024\/05\/Decouvrez-le-programme-Inspire-5-Jours-pour-retrouver-un-apaisement-immediat-et-durable-dans-votre-vie-240524-724x1024.png\" alt=\"\" class=\"wp-image-3529\" srcset=\"https:\/\/ibsophrologie.fr\/wp-content\/uploads\/2024\/05\/Decouvrez-le-programme-Inspire-5-Jours-pour-retrouver-un-apaisement-immediat-et-durable-dans-votre-vie-240524-724x1024.png 724w, https:\/\/ibsophrologie.fr\/wp-content\/uploads\/2024\/05\/Decouvrez-le-programme-Inspire-5-Jours-pour-retrouver-un-apaisement-immediat-et-durable-dans-votre-vie-240524-212x300.png 212w, https:\/\/ibsophrologie.fr\/wp-content\/uploads\/2024\/05\/Decouvrez-le-programme-Inspire-5-Jours-pour-retrouver-un-apaisement-immediat-et-durable-dans-votre-vie-240524-768x1086.png 768w, https:\/\/ibsophrologie.fr\/wp-content\/uploads\/2024\/05\/Decouvrez-le-programme-Inspire-5-Jours-pour-retrouver-un-apaisement-immediat-et-durable-dans-votre-vie-240524-1086x1536.png 1086w, https:\/\/ibsophrologie.fr\/wp-content\/uploads\/2024\/05\/Decouvrez-le-programme-Inspire-5-Jours-pour-retrouver-un-apaisement-immediat-et-durable-dans-votre-vie-240524-1200x1697.png 1200w, https:\/\/ibsophrologie.fr\/wp-content\/uploads\/2024\/05\/Decouvrez-le-programme-Inspire-5-Jours-pour-retrouver-un-apaisement-immediat-et-durable-dans-votre-vie-240524.png 1414w\" sizes=\"auto, (max-width: 724px) 85vw, 724px\" \/><\/figure>\n<\/figure>\n\n\n\n<p class=\"has-text-align-center\"><br><strong>Au plaisir de vous offrir des conseils \u00e9clair\u00e9s sur le programme en ligne \u00ab\u00a0Inspire\u00a0\u00bb ou sur mes accompagnements en Sophrologie, en Hypnose et en Sonoth\u00e9rapie.<\/strong><br><\/p>\n\n\n\n<!-- D\u00e9but de widget en ligne Calendly -->\n<div class=\"calendly-inline-widget\" data-url=\"https:\/\/calendly.com\/vitalsophro\/30min\" style=\"min-width:320px;height:700px;\"><\/div>\n<script type=\"text\/javascript\" src=\"https:\/\/assets.calendly.com\/assets\/external\/widget.js\" async><\/script>\n<!-- Fin de widget en ligne Calendly -->\n","protected":false},"excerpt":{"rendered":"<p>Au plaisir de vous offrir des conseils \u00e9clair\u00e9s sur le programme en ligne \u00ab\u00a0Inspire\u00a0\u00bb ou sur mes accompagnements en Sophrologie, en Hypnose et en Sonoth\u00e9rapie.<\/p>\n","protected":false},"author":1,"featured_media":0,"parent":0,"menu_order":0,"comment_status":"closed","ping_status":"closed","template":"","meta":{"_monsterinsights_skip_tracking":false,"_monsterinsights_sitenote_active":false,"_monsterinsights_sitenote_note":"","_monsterinsights_sitenote_category":0,"footnotes":""},"class_list":["post-2866","page","type-page","status-publish","hentry"],"yoast_head":"<!-- This site is optimized with the Yoast SEO plugin v27.5 - https:\/\/yoast.com\/product\/yoast-seo-wordpress\/ -->\n<title>INSPIRE : Transformez votre vie en 5 jours ! - Isabelle Breton 06 72 34 06 69 | Sophrologie - Hypnose - Sonoth\u00e9rapie - Paris 19 | Sp\u00e9cialiste Stress, Poids &amp; Tabac<\/title>\n<meta name=\"description\" content=\"Avec le programme &quot;Inspire&quot;, 5 jours pour une vie apais\u00e9e ! D\u00e9couvrez la puissance de la sophrologie en pratiquant seulement 20 minutes par jour.\" \/>\n<meta name=\"robots\" content=\"index, follow, max-snippet:-1, max-image-preview:large, max-video-preview:-1\" \/>\n<link rel=\"canonical\" href=\"https:\/\/ibsophrologie.fr\/index.php\/progamme-inspire-pour-transformer-votre-vie\/\" \/>\n<meta property=\"og:locale\" content=\"fr_FR\" \/>\n<meta property=\"og:type\" content=\"article\" \/>\n<meta property=\"og:title\" content=\"INSPIRE : Transformez votre vie en 5 jours ! - Isabelle Breton 06 72 34 06 69 | Sophrologie - Hypnose - Sonoth\u00e9rapie - Paris 19 | Sp\u00e9cialiste Stress, Poids &amp; Tabac\" \/>\n<meta property=\"og:description\" content=\"Avec le programme &quot;Inspire&quot;, 5 jours pour une vie apais\u00e9e ! D\u00e9couvrez la puissance de la sophrologie en pratiquant seulement 20 minutes par jour.\" \/>\n<meta property=\"og:url\" content=\"https:\/\/ibsophrologie.fr\/index.php\/progamme-inspire-pour-transformer-votre-vie\/\" \/>\n<meta property=\"og:site_name\" content=\"Isabelle Breton 06 72 34 06 69 | Sophrologie - Hypnose - Sonoth\u00e9rapie - Paris 19 | Sp\u00e9cialiste Stress, Poids &amp; Tabac\" \/>\n<meta property=\"article:modified_time\" content=\"2025-02-06T14:20:53+00:00\" \/>\n<meta property=\"og:image\" content=\"https:\/\/ibsophrologie.fr\/wp-content\/uploads\/2024\/05\/Decouvrez-le-programme-Inspire-5-Jours-pour-retrouver-un-apaisement-immediat-et-durable-dans-votre-vie-240524.png\" \/>\n\t<meta property=\"og:image:width\" content=\"1414\" \/>\n\t<meta property=\"og:image:height\" content=\"2000\" \/>\n\t<meta property=\"og:image:type\" content=\"image\/png\" \/>\n<meta name=\"twitter:card\" content=\"summary_large_image\" \/>\n<meta name=\"twitter:label1\" content=\"Dur\u00e9e de lecture estim\u00e9e\" \/>\n\t<meta name=\"twitter:data1\" content=\"1 minute\" \/>\n<script type=\"application\/ld+json\" class=\"yoast-schema-graph\">{\"@context\":\"https:\\\/\\\/schema.org\",\"@graph\":[{\"@type\":\"WebPage\",\"@id\":\"https:\\\/\\\/ibsophrologie.fr\\\/index.php\\\/progamme-inspire-pour-transformer-votre-vie\\\/\",\"url\":\"https:\\\/\\\/ibsophrologie.fr\\\/index.php\\\/progamme-inspire-pour-transformer-votre-vie\\\/\",\"name\":\"INSPIRE : Transformez votre vie en 5 jours ! - Isabelle Breton 06 72 34 06 69 | Sophrologie - Hypnose - Sonoth\u00e9rapie - Paris 19 | Sp\u00e9cialiste Stress, Poids &amp; Tabac\",\"isPartOf\":{\"@id\":\"https:\\\/\\\/ibsophrologie.fr\\\/#website\"},\"primaryImageOfPage\":{\"@id\":\"https:\\\/\\\/ibsophrologie.fr\\\/index.php\\\/progamme-inspire-pour-transformer-votre-vie\\\/#primaryimage\"},\"image\":{\"@id\":\"https:\\\/\\\/ibsophrologie.fr\\\/index.php\\\/progamme-inspire-pour-transformer-votre-vie\\\/#primaryimage\"},\"thumbnailUrl\":\"https:\\\/\\\/ibsophrologie.fr\\\/wp-content\\\/uploads\\\/2024\\\/05\\\/Decouvrez-le-programme-Inspire-5-Jours-pour-retrouver-un-apaisement-immediat-et-durable-dans-votre-vie-240524-724x1024.png\",\"datePublished\":\"2023-12-10T10:42:13+00:00\",\"dateModified\":\"2025-02-06T14:20:53+00:00\",\"description\":\"Avec le programme \\\"Inspire\\\", 5 jours pour une vie apais\u00e9e ! D\u00e9couvrez la puissance de la sophrologie en pratiquant seulement 20 minutes par jour.\",\"breadcrumb\":{\"@id\":\"https:\\\/\\\/ibsophrologie.fr\\\/index.php\\\/progamme-inspire-pour-transformer-votre-vie\\\/#breadcrumb\"},\"inLanguage\":\"fr-FR\",\"potentialAction\":[{\"@type\":\"ReadAction\",\"target\":[\"https:\\\/\\\/ibsophrologie.fr\\\/index.php\\\/progamme-inspire-pour-transformer-votre-vie\\\/\"]}]},{\"@type\":\"ImageObject\",\"inLanguage\":\"fr-FR\",\"@id\":\"https:\\\/\\\/ibsophrologie.fr\\\/index.php\\\/progamme-inspire-pour-transformer-votre-vie\\\/#primaryimage\",\"url\":\"https:\\\/\\\/ibsophrologie.fr\\\/wp-content\\\/uploads\\\/2024\\\/05\\\/Decouvrez-le-programme-Inspire-5-Jours-pour-retrouver-un-apaisement-immediat-et-durable-dans-votre-vie-240524.png\",\"contentUrl\":\"https:\\\/\\\/ibsophrologie.fr\\\/wp-content\\\/uploads\\\/2024\\\/05\\\/Decouvrez-le-programme-Inspire-5-Jours-pour-retrouver-un-apaisement-immediat-et-durable-dans-votre-vie-240524.png\",\"width\":1414,\"height\":2000},{\"@type\":\"BreadcrumbList\",\"@id\":\"https:\\\/\\\/ibsophrologie.fr\\\/index.php\\\/progamme-inspire-pour-transformer-votre-vie\\\/#breadcrumb\",\"itemListElement\":[{\"@type\":\"ListItem\",\"position\":1,\"name\":\"Accueil\",\"item\":\"https:\\\/\\\/ibsophrologie.fr\\\/\"},{\"@type\":\"ListItem\",\"position\":2,\"name\":\"INSPIRE : Transformez votre vie en 5 jours !\"}]},{\"@type\":\"WebSite\",\"@id\":\"https:\\\/\\\/ibsophrologie.fr\\\/#website\",\"url\":\"https:\\\/\\\/ibsophrologie.fr\\\/\",\"name\":\"Isabelle Breton 06 72 34 06 69 | Sophrologie - Hypnose - Sonoth\u00e9rapie - Paris 19 | Sp\u00e9cialiste Stress, Poids &amp; Tabac\",\"description\":\"&quot;Etre toujours attentif \u00e0 ce qui est, c&#039;est le principe de base qui permet de red\u00e9couvrir la beaut\u00e9 des choses et sa propre existence&quot;\",\"potentialAction\":[{\"@type\":\"SearchAction\",\"target\":{\"@type\":\"EntryPoint\",\"urlTemplate\":\"https:\\\/\\\/ibsophrologie.fr\\\/?s={search_term_string}\"},\"query-input\":{\"@type\":\"PropertyValueSpecification\",\"valueRequired\":true,\"valueName\":\"search_term_string\"}}],\"inLanguage\":\"fr-FR\"}]}<\/script>\n<!-- \/ Yoast SEO plugin. -->","yoast_head_json":{"title":"INSPIRE : Transformez votre vie en 5 jours ! - Isabelle Breton 06 72 34 06 69 | Sophrologie - Hypnose - Sonoth\u00e9rapie - Paris 19 | Sp\u00e9cialiste Stress, Poids &amp; Tabac","description":"Avec le programme \"Inspire\", 5 jours pour une vie apais\u00e9e ! D\u00e9couvrez la puissance de la sophrologie en pratiquant seulement 20 minutes par jour.","robots":{"index":"index","follow":"follow","max-snippet":"max-snippet:-1","max-image-preview":"max-image-preview:large","max-video-preview":"max-video-preview:-1"},"canonical":"https:\/\/ibsophrologie.fr\/index.php\/progamme-inspire-pour-transformer-votre-vie\/","og_locale":"fr_FR","og_type":"article","og_title":"INSPIRE : Transformez votre vie en 5 jours ! - Isabelle Breton 06 72 34 06 69 | Sophrologie - Hypnose - Sonoth\u00e9rapie - Paris 19 | Sp\u00e9cialiste Stress, Poids &amp; Tabac","og_description":"Avec le programme \"Inspire\", 5 jours pour une vie apais\u00e9e ! D\u00e9couvrez la puissance de la sophrologie en pratiquant seulement 20 minutes par jour.","og_url":"https:\/\/ibsophrologie.fr\/index.php\/progamme-inspire-pour-transformer-votre-vie\/","og_site_name":"Isabelle Breton 06 72 34 06 69 | Sophrologie - Hypnose - Sonoth\u00e9rapie - Paris 19 | Sp\u00e9cialiste Stress, Poids &amp; Tabac","article_modified_time":"2025-02-06T14:20:53+00:00","og_image":[{"width":1414,"height":2000,"url":"https:\/\/ibsophrologie.fr\/wp-content\/uploads\/2024\/05\/Decouvrez-le-programme-Inspire-5-Jours-pour-retrouver-un-apaisement-immediat-et-durable-dans-votre-vie-240524.png","type":"image\/png"}],"twitter_card":"summary_large_image","twitter_misc":{"Dur\u00e9e de lecture estim\u00e9e":"1 minute"},"schema":{"@context":"https:\/\/schema.org","@graph":[{"@type":"WebPage","@id":"https:\/\/ibsophrologie.fr\/index.php\/progamme-inspire-pour-transformer-votre-vie\/","url":"https:\/\/ibsophrologie.fr\/index.php\/progamme-inspire-pour-transformer-votre-vie\/","name":"INSPIRE : Transformez votre vie en 5 jours ! - Isabelle Breton 06 72 34 06 69 | Sophrologie - Hypnose - Sonoth\u00e9rapie - Paris 19 | Sp\u00e9cialiste Stress, Poids &amp; Tabac","isPartOf":{"@id":"https:\/\/ibsophrologie.fr\/#website"},"primaryImageOfPage":{"@id":"https:\/\/ibsophrologie.fr\/index.php\/progamme-inspire-pour-transformer-votre-vie\/#primaryimage"},"image":{"@id":"https:\/\/ibsophrologie.fr\/index.php\/progamme-inspire-pour-transformer-votre-vie\/#primaryimage"},"thumbnailUrl":"https:\/\/ibsophrologie.fr\/wp-content\/uploads\/2024\/05\/Decouvrez-le-programme-Inspire-5-Jours-pour-retrouver-un-apaisement-immediat-et-durable-dans-votre-vie-240524-724x1024.png","datePublished":"2023-12-10T10:42:13+00:00","dateModified":"2025-02-06T14:20:53+00:00","description":"Avec le programme \"Inspire\", 5 jours pour une vie apais\u00e9e ! D\u00e9couvrez la puissance de la sophrologie en pratiquant seulement 20 minutes par jour.","breadcrumb":{"@id":"https:\/\/ibsophrologie.fr\/index.php\/progamme-inspire-pour-transformer-votre-vie\/#breadcrumb"},"inLanguage":"fr-FR","potentialAction":[{"@type":"ReadAction","target":["https:\/\/ibsophrologie.fr\/index.php\/progamme-inspire-pour-transformer-votre-vie\/"]}]},{"@type":"ImageObject","inLanguage":"fr-FR","@id":"https:\/\/ibsophrologie.fr\/index.php\/progamme-inspire-pour-transformer-votre-vie\/#primaryimage","url":"https:\/\/ibsophrologie.fr\/wp-content\/uploads\/2024\/05\/Decouvrez-le-programme-Inspire-5-Jours-pour-retrouver-un-apaisement-immediat-et-durable-dans-votre-vie-240524.png","contentUrl":"https:\/\/ibsophrologie.fr\/wp-content\/uploads\/2024\/05\/Decouvrez-le-programme-Inspire-5-Jours-pour-retrouver-un-apaisement-immediat-et-durable-dans-votre-vie-240524.png","width":1414,"height":2000},{"@type":"BreadcrumbList","@id":"https:\/\/ibsophrologie.fr\/index.php\/progamme-inspire-pour-transformer-votre-vie\/#breadcrumb","itemListElement":[{"@type":"ListItem","position":1,"name":"Accueil","item":"https:\/\/ibsophrologie.fr\/"},{"@type":"ListItem","position":2,"name":"INSPIRE : Transformez votre vie en 5 jours !"}]},{"@type":"WebSite","@id":"https:\/\/ibsophrologie.fr\/#website","url":"https:\/\/ibsophrologie.fr\/","name":"Isabelle Breton 06 72 34 06 69 | Sophrologie - Hypnose - Sonoth\u00e9rapie - Paris 19 | Sp\u00e9cialiste Stress, Poids &amp; Tabac","description":"&quot;Etre toujours attentif \u00e0 ce qui est, c&#039;est le principe de base qui permet de red\u00e9couvrir la beaut\u00e9 des choses et sa propre existence&quot;","potentialAction":[{"@type":"SearchAction","target":{"@type":"EntryPoint","urlTemplate":"https:\/\/ibsophrologie.fr\/?s={search_term_string}"},"query-input":{"@type":"PropertyValueSpecification","valueRequired":true,"valueName":"search_term_string"}}],"inLanguage":"fr-FR"}]}},"_links":{"self":[{"href":"https:\/\/ibsophrologie.fr\/index.php\/wp-json\/wp\/v2\/pages\/2866","targetHints":{"allow":["GET"]}}],"collection":[{"href":"https:\/\/ibsophrologie.fr\/index.php\/wp-json\/wp\/v2\/pages"}],"about":[{"href":"https:\/\/ibsophrologie.fr\/index.php\/wp-json\/wp\/v2\/types\/page"}],"author":[{"embeddable":true,"href":"https:\/\/ibsophrologie.fr\/index.php\/wp-json\/wp\/v2\/users\/1"}],"replies":[{"embeddable":true,"href":"https:\/\/ibsophrologie.fr\/index.php\/wp-json\/wp\/v2\/comments?post=2866"}],"version-history":[{"count":26,"href":"https:\/\/ibsophrologie.fr\/index.php\/wp-json\/wp\/v2\/pages\/2866\/revisions"}],"predecessor-version":[{"id":3530,"href":"https:\/\/ibsophrologie.fr\/index.php\/wp-json\/wp\/v2\/pages\/2866\/revisions\/3530"}],"wp:attachment":[{"href":"https:\/\/ibsophrologie.fr\/index.php\/wp-json\/wp\/v2\/media?parent=2866"}],"curies":[{"name":"wp","href":"https:\/\/api.w.org\/{rel}","templated":true}]}}