{"id":3240,"date":"2024-04-30T18:15:48","date_gmt":"2024-04-30T16:15:48","guid":{"rendered":"https:\/\/ibsophrologie.fr\/?page_id=3240"},"modified":"2025-02-06T15:28:23","modified_gmt":"2025-02-06T14:28:23","slug":"programmes","status":"publish","type":"page","link":"https:\/\/ibsophrologie.fr\/index.php\/programmes\/","title":{"rendered":"Programmes"},"content":{"rendered":"","protected":false},"excerpt":{"rendered":"","protected":false},"author":1,"featured_media":0,"parent":0,"menu_order":0,"comment_status":"closed","ping_status":"closed","template":"","meta":{"_monsterinsights_skip_tracking":false,"_monsterinsights_sitenote_active":false,"_monsterinsights_sitenote_note":"","_monsterinsights_sitenote_category":0,"footnotes":""},"class_list":["post-3240","page","type-page","status-publish","hentry"],"yoast_head":"<!-- This site is optimized with the Yoast SEO plugin v27.5 - https:\/\/yoast.com\/product\/yoast-seo-wordpress\/ -->\n<title>Programmes - Isabelle Breton 06 72 34 06 69 | Sophrologie - Hypnose - Sonoth\u00e9rapie - Paris 19 | Sp\u00e9cialiste Stress, Poids &amp; Tabac<\/title>\n<meta name=\"robots\" content=\"index, follow, max-snippet:-1, max-image-preview:large, max-video-preview:-1\" \/>\n<link rel=\"canonical\" href=\"https:\/\/ibsophrologie.fr\/index.php\/programmes\/\" \/>\n<meta property=\"og:locale\" content=\"fr_FR\" \/>\n<meta property=\"og:type\" content=\"article\" \/>\n<meta property=\"og:title\" content=\"Programmes - Isabelle Breton 06 72 34 06 69 | Sophrologie - Hypnose - Sonoth\u00e9rapie - Paris 19 | Sp\u00e9cialiste Stress, Poids &amp; Tabac\" \/>\n<meta property=\"og:url\" content=\"https:\/\/ibsophrologie.fr\/index.php\/programmes\/\" \/>\n<meta property=\"og:site_name\" content=\"Isabelle Breton 06 72 34 06 69 | Sophrologie - Hypnose - Sonoth\u00e9rapie - Paris 19 | Sp\u00e9cialiste Stress, Poids &amp; Tabac\" \/>\n<meta property=\"article:modified_time\" content=\"2025-02-06T14:28:23+00:00\" \/>\n<meta name=\"twitter:card\" content=\"summary_large_image\" \/>\n<script type=\"application\/ld+json\" class=\"yoast-schema-graph\">{\"@context\":\"https:\\\/\\\/schema.org\",\"@graph\":[{\"@type\":\"WebPage\",\"@id\":\"https:\\\/\\\/ibsophrologie.fr\\\/index.php\\\/programmes\\\/\",\"url\":\"https:\\\/\\\/ibsophrologie.fr\\\/index.php\\\/programmes\\\/\",\"name\":\"Programmes - Isabelle Breton 06 72 34 06 69 | Sophrologie - Hypnose - Sonoth\u00e9rapie - Paris 19 | Sp\u00e9cialiste Stress, Poids &amp; Tabac\",\"isPartOf\":{\"@id\":\"https:\\\/\\\/ibsophrologie.fr\\\/#website\"},\"datePublished\":\"2024-04-30T16:15:48+00:00\",\"dateModified\":\"2025-02-06T14:28:23+00:00\",\"breadcrumb\":{\"@id\":\"https:\\\/\\\/ibsophrologie.fr\\\/index.php\\\/programmes\\\/#breadcrumb\"},\"inLanguage\":\"fr-FR\",\"potentialAction\":[{\"@type\":\"ReadAction\",\"target\":[\"https:\\\/\\\/ibsophrologie.fr\\\/index.php\\\/programmes\\\/\"]}]},{\"@type\":\"BreadcrumbList\",\"@id\":\"https:\\\/\\\/ibsophrologie.fr\\\/index.php\\\/programmes\\\/#breadcrumb\",\"itemListElement\":[{\"@type\":\"ListItem\",\"position\":1,\"name\":\"Accueil\",\"item\":\"https:\\\/\\\/ibsophrologie.fr\\\/\"},{\"@type\":\"ListItem\",\"position\":2,\"name\":\"Programmes\"}]},{\"@type\":\"WebSite\",\"@id\":\"https:\\\/\\\/ibsophrologie.fr\\\/#website\",\"url\":\"https:\\\/\\\/ibsophrologie.fr\\\/\",\"name\":\"Isabelle Breton 06 72 34 06 69 | Sophrologie - Hypnose - Sonoth\u00e9rapie - Paris 19 | Sp\u00e9cialiste Stress, Poids &amp; Tabac\",\"description\":\"&quot;Etre toujours attentif \u00e0 ce qui est, c&#039;est le principe de base qui permet de red\u00e9couvrir la beaut\u00e9 des choses et sa propre existence&quot;\",\"potentialAction\":[{\"@type\":\"SearchAction\",\"target\":{\"@type\":\"EntryPoint\",\"urlTemplate\":\"https:\\\/\\\/ibsophrologie.fr\\\/?s={search_term_string}\"},\"query-input\":{\"@type\":\"PropertyValueSpecification\",\"valueRequired\":true,\"valueName\":\"search_term_string\"}}],\"inLanguage\":\"fr-FR\"}]}<\/script>\n<!-- \/ Yoast SEO plugin. -->","yoast_head_json":{"title":"Programmes - Isabelle Breton 06 72 34 06 69 | Sophrologie - Hypnose - Sonoth\u00e9rapie - Paris 19 | Sp\u00e9cialiste Stress, Poids &amp; Tabac","robots":{"index":"index","follow":"follow","max-snippet":"max-snippet:-1","max-image-preview":"max-image-preview:large","max-video-preview":"max-video-preview:-1"},"canonical":"https:\/\/ibsophrologie.fr\/index.php\/programmes\/","og_locale":"fr_FR","og_type":"article","og_title":"Programmes - Isabelle Breton 06 72 34 06 69 | Sophrologie - Hypnose - Sonoth\u00e9rapie - Paris 19 | Sp\u00e9cialiste Stress, Poids &amp; Tabac","og_url":"https:\/\/ibsophrologie.fr\/index.php\/programmes\/","og_site_name":"Isabelle Breton 06 72 34 06 69 | Sophrologie - Hypnose - Sonoth\u00e9rapie - Paris 19 | Sp\u00e9cialiste Stress, Poids &amp; Tabac","article_modified_time":"2025-02-06T14:28:23+00:00","twitter_card":"summary_large_image","schema":{"@context":"https:\/\/schema.org","@graph":[{"@type":"WebPage","@id":"https:\/\/ibsophrologie.fr\/index.php\/programmes\/","url":"https:\/\/ibsophrologie.fr\/index.php\/programmes\/","name":"Programmes - Isabelle Breton 06 72 34 06 69 | Sophrologie - Hypnose - Sonoth\u00e9rapie - Paris 19 | Sp\u00e9cialiste Stress, Poids &amp; Tabac","isPartOf":{"@id":"https:\/\/ibsophrologie.fr\/#website"},"datePublished":"2024-04-30T16:15:48+00:00","dateModified":"2025-02-06T14:28:23+00:00","breadcrumb":{"@id":"https:\/\/ibsophrologie.fr\/index.php\/programmes\/#breadcrumb"},"inLanguage":"fr-FR","potentialAction":[{"@type":"ReadAction","target":["https:\/\/ibsophrologie.fr\/index.php\/programmes\/"]}]},{"@type":"BreadcrumbList","@id":"https:\/\/ibsophrologie.fr\/index.php\/programmes\/#breadcrumb","itemListElement":[{"@type":"ListItem","position":1,"name":"Accueil","item":"https:\/\/ibsophrologie.fr\/"},{"@type":"ListItem","position":2,"name":"Programmes"}]},{"@type":"WebSite","@id":"https:\/\/ibsophrologie.fr\/#website","url":"https:\/\/ibsophrologie.fr\/","name":"Isabelle Breton 06 72 34 06 69 | Sophrologie - Hypnose - Sonoth\u00e9rapie - Paris 19 | Sp\u00e9cialiste Stress, Poids &amp; Tabac","description":"&quot;Etre toujours attentif \u00e0 ce qui est, c&#039;est le principe de base qui permet de red\u00e9couvrir la beaut\u00e9 des choses et sa propre existence&quot;","potentialAction":[{"@type":"SearchAction","target":{"@type":"EntryPoint","urlTemplate":"https:\/\/ibsophrologie.fr\/?s={search_term_string}"},"query-input":{"@type":"PropertyValueSpecification","valueRequired":true,"valueName":"search_term_string"}}],"inLanguage":"fr-FR"}]}},"_links":{"self":[{"href":"https:\/\/ibsophrologie.fr\/index.php\/wp-json\/wp\/v2\/pages\/3240","targetHints":{"allow":["GET"]}}],"collection":[{"href":"https:\/\/ibsophrologie.fr\/index.php\/wp-json\/wp\/v2\/pages"}],"about":[{"href":"https:\/\/ibsophrologie.fr\/index.php\/wp-json\/wp\/v2\/types\/page"}],"author":[{"embeddable":true,"href":"https:\/\/ibsophrologie.fr\/index.php\/wp-json\/wp\/v2\/users\/1"}],"replies":[{"embeddable":true,"href":"https:\/\/ibsophrologie.fr\/index.php\/wp-json\/wp\/v2\/comments?post=3240"}],"version-history":[{"count":1,"href":"https:\/\/ibsophrologie.fr\/index.php\/wp-json\/wp\/v2\/pages\/3240\/revisions"}],"predecessor-version":[{"id":3241,"href":"https:\/\/ibsophrologie.fr\/index.php\/wp-json\/wp\/v2\/pages\/3240\/revisions\/3241"}],"wp:attachment":[{"href":"https:\/\/ibsophrologie.fr\/index.php\/wp-json\/wp\/v2\/media?parent=3240"}],"curies":[{"name":"wp","href":"https:\/\/api.w.org\/{rel}","templated":true}]}}