{"id":3270,"date":"2024-04-30T20:26:23","date_gmt":"2024-04-30T18:26:23","guid":{"rendered":"https:\/\/ibsophrologie.fr\/?page_id=3270"},"modified":"2025-02-06T15:21:39","modified_gmt":"2025-02-06T14:21:39","slug":"transformez-votre-silhouette-sans-chirurgie-ni-privation-avec-lanneau-gastrique-virtuel-par-lhypnose","status":"publish","type":"page","link":"https:\/\/ibsophrologie.fr\/index.php\/transformez-votre-silhouette-sans-chirurgie-ni-privation-avec-lanneau-gastrique-virtuel-par-lhypnose\/","title":{"rendered":"Mincir naturellement avec  l&rsquo;anneau gastrique virtuel, disponible en visioconf\u00e9rence ou en pr\u00e9sentiel !"},"content":{"rendered":"\n<div class=\"flex-1 overflow-hidden\">\n<div class=\"react-scroll-to-bottom--css-bfebw-79elbk h-full\">\n<div class=\"react-scroll-to-bottom--css-bfebw-1n7m0yu\">\n<div class=\"flex flex-col text-sm pb-9\">\n<div class=\"w-full text-token-text-primary\" dir=\"auto\" data-testid=\"conversation-turn-17\" data-scroll-anchor=\"true\">\n<div class=\"px-4 py-2 justify-center text-base md:gap-6 m-auto\">\n<div class=\"flex flex-1 text-base mx-auto gap-3 juice:gap-4 juice:md:gap-6 md:px-5 lg:px-1 xl:px-5 md:max-w-3xl lg:max-w-[40rem] xl:max-w-[48rem]\">\n<div class=\"relative flex w-full min-w-0 flex-col agent-turn\">\n<div class=\"flex-col gap-1 md:gap-3\">\n<div class=\"flex flex-grow flex-col max-w-full\">\n<div class=\"min-h-[20px] text-message flex flex-col items-start gap-3 whitespace-pre-wrap break-words [.text-message+&amp;]:mt-5 overflow-x-auto\" dir=\"auto\" data-message-author-role=\"assistant\" data-message-id=\"d8c1d63c-32ca-41f3-8d4b-41f322e612fd\">\n<div class=\"markdown prose w-full break-words dark:prose-invert light\">\n<p style=\"text-align: justify;\"><span style=\"color: #808080;\">Fatigu\u00e9(e) des r\u00e9gimes draconiens qui vous laissent affam\u00e9(e) et frustr\u00e9(e) ?<\/span><\/p>\n<p style=\"text-align: justify;\"><span style=\"color: #808080;\">Avez-vous d\u00e9j\u00e0 r\u00eav\u00e9 de retrouver votre poids\u00a0 de forme sans avoir \u00e0 vous priver de vos aliments pr\u00e9f\u00e9r\u00e9s, sans compter les calories, et surtout, sans subir de chirurgie invasive ?<\/span><\/p>\n<p style=\"text-align: justify;\"><span style=\"color: #808080;\">Si oui, laissez-moi vous pr\u00e9senter une <strong>approche novatrice<\/strong> : <strong>l&rsquo;anneau gastrique virtuel hypnotique.<img loading=\"lazy\" decoding=\"async\" class=\"alignright wp-image-3487\" src=\"https:\/\/ibsophrologie.fr\/wp-content\/uploads\/2024\/05\/pexels-thought-catalog-317580-2228585-300x200.jpg\" alt=\"\" width=\"216\" height=\"144\" srcset=\"https:\/\/ibsophrologie.fr\/wp-content\/uploads\/2024\/05\/pexels-thought-catalog-317580-2228585-300x200.jpg 300w, https:\/\/ibsophrologie.fr\/wp-content\/uploads\/2024\/05\/pexels-thought-catalog-317580-2228585-1024x683.jpg 1024w, https:\/\/ibsophrologie.fr\/wp-content\/uploads\/2024\/05\/pexels-thought-catalog-317580-2228585-768x512.jpg 768w, https:\/\/ibsophrologie.fr\/wp-content\/uploads\/2024\/05\/pexels-thought-catalog-317580-2228585-1536x1024.jpg 1536w, https:\/\/ibsophrologie.fr\/wp-content\/uploads\/2024\/05\/pexels-thought-catalog-317580-2228585-2048x1365.jpg 2048w, https:\/\/ibsophrologie.fr\/wp-content\/uploads\/2024\/05\/pexels-thought-catalog-317580-2228585-1200x800.jpg 1200w\" sizes=\"auto, (max-width: 216px) 85vw, 216px\" \/><\/strong><\/span><\/p>\n<p style=\"text-align: justify;\"><span style=\"color: #808080;\">En prenant conscience des sensations dans votre corps et votre esprit, cette approche novatrice qui repose sur l&rsquo;hypnose vous offre une meilleure compr\u00e9hension de vos r\u00e9actions, de vos \u00e9motions et de vos besoins alimentaires.<\/span><\/p>\n<p style=\"text-align: justify;\"><span style=\"color: #808080;\">Cette <strong>technique<\/strong> est particuli\u00e8rement <strong>adapt\u00e9e<\/strong> aux <strong>individus<\/strong> ayant un indice de masse corporelle <strong>(IMC) sup\u00e9rieur \u00e0 30<\/strong>. <strong>Elle simule l&rsquo;installation d&rsquo;un anneau gastrique de mani\u00e8re virtuelle<\/strong>. <br \/><strong>En utilisant cette m\u00e9thode, le cerveau ne distingue pas entre ce qui est r\u00e9el et ce qui est imagin\u00e9, ce qui facilite le processus de transformation.<\/strong><\/span><\/p>\n<p style=\"text-align: justify;\"><span style=\"color: #808080;\">Mon r\u00f4le est de vous accompagner vers une meilleure compr\u00e9hension de votre sant\u00e9, de votre bien-\u00eatre et de votre silhouette. L&rsquo;accent est mis sur la transformation int\u00e9rieure pour des r\u00e9sultats visibles \u00e0 l&rsquo;ext\u00e9rieur.\u00a0<br \/><br \/><\/span><span style=\"color: #808080;\">Gr\u00e2ce \u00e0 la simulation de l&rsquo;anneau gastrique, vous pouvez enfin r\u00e9tablir un \u00e9quilibre naturel dans votre alimentation tout en atteignant progressivement et durablement votre poids id\u00e9al.<\/span><\/p>\n<p style=\"text-align: justify;\">\u00a0<strong style=\"font-size: revert;\"><span style=\"color: #808080;\">Comment fonctionne le programme\u00a0 :<\/span><\/strong><\/p>\n<\/div>\n<\/div>\n<\/div>\n<\/div>\n<\/div>\n<\/div>\n<\/div>\n<\/div>\n<\/div>\n<\/div>\n<\/div>\n<\/div>\n<ol>\n<li>\n<p style=\"text-align: justify;\"><span style=\"color: #808080;\">Chaque personne b\u00e9n\u00e9ficie d&rsquo;une consultation individuelle pour \u00e9valuer vos besoins, vos objectifs et vos motivations pour retrouver votre poids de forme.<img loading=\"lazy\" decoding=\"async\" class=\"wp-image-3224 alignright\" src=\"https:\/\/ibsophrologie.fr\/wp-content\/uploads\/2024\/04\/dessin-cerveau-300x191.jpg\" alt=\"\" width=\"220\" height=\"140\" srcset=\"https:\/\/ibsophrologie.fr\/wp-content\/uploads\/2024\/04\/dessin-cerveau-300x191.jpg 300w, https:\/\/ibsophrologie.fr\/wp-content\/uploads\/2024\/04\/dessin-cerveau.jpg 612w\" sizes=\"auto, (max-width: 220px) 85vw, 220px\" \/><\/span><\/p>\n<\/li>\n<li>\n<p style=\"text-align: justify;\"><span style=\"color: #808080;\">\u00c0 travers des s\u00e9ances d&rsquo;hypnose douces et relaxantes, vous serez guid\u00e9(e) pour reprogrammer votre subconscient et adopter de saines habitudes alimentaires. <\/span><\/p>\n<\/li>\n<li>\n<p style=\"text-align: justify;\"><span style=\"color: #808080;\">Un dispositif virtuel sera install\u00e9 dans votre esprit, encourageant une <strong>sensation de sati\u00e9t\u00e9 rapide et une r\u00e9gulation naturelle de votre alimentation<\/strong>.<\/span><\/p>\n<\/li>\n<li style=\"text-align: justify;\"><span style=\"font-size: revert; color: #808080;\">Avec cette approche, vous d\u00e9couvrirez que <strong>retrouver votre poids de forme peut \u00eatre un processus agr\u00e9able et gratifiant.<\/strong>\u00a0<br \/><br \/><\/span><\/li>\n<li>\n<p style=\"text-align: justify;\"><span style=\"font-size: revert; color: #808080;\">Vous retrouverez non seulement une <strong>silhouette plus mince<\/strong>, mais aussi une <strong>confiance en vous retrouv\u00e9e et une meilleure sant\u00e9 globale<\/strong>.<\/span><\/p>\n<\/li>\n<\/ol>\n<p><span style=\"color: #808080;\"><strong>Dur\u00e9e du programme :<\/strong><\/span><\/p>\n<p style=\"text-align: justify;\"><span style=\"color: #808080;\">Le <strong>programme<\/strong> s&rsquo;\u00e9tend sur <strong>12 semaines<\/strong>\u00a0comprenant un total de <strong>4 s\u00e9ances d&rsquo;hypnose.\u00a0<\/strong><\/span><br \/><span style=\"color: #808080;\">Chaque s\u00e9ance est planifi\u00e9e avec un <strong>intervalle de 3 \u00e0 4 semaines<\/strong>, favorisant ainsi une <strong>transformation progressive et durable<\/strong> de vos habitudes alimentaires.<br \/>Il est recommand\u00e9 de planifier une 5\u00e8me s\u00e9ance deux mois apr\u00e8s la fin du protocole pour faire le point.<br \/><\/span><\/p>\n<p><span style=\"color: #808080;\"><strong><span class=\"OYPEnA text-decoration-none text-strikethrough-none\">Tarif pour 4 s\u00e9ances <\/span><span class=\"OYPEnA text-decoration-none text-strikethrough-none\">: 480\u20ac (1h30 par s\u00e9ance) &#8211; <\/span><\/strong><em><span class=\"OYPEnA text-decoration-none text-strikethrough-none\">(paiement possible en 2 fois sans frais).<\/span><\/em><\/span><span style=\"color: #808080;\"><strong><span style=\"font-size: revert;\"><br \/><\/span><\/strong><\/span><span style=\"color: #808080;\"><strong><br \/>Pr\u00eat(e) \u00e0 commencer votre voyage vers une nouvelle vie plus l\u00e9g\u00e8re et plus saine ?<br \/><\/strong><\/span><span style=\"color: #808080;\">Contactez &#8211; moi d\u00e8s aujourd&rsquo;hui pour d\u00e9couvrir comment le <strong>programme \u00ab\u00a0Eveil Minceur\u00a0\u00bb peut vous aider \u00e0 atteindre votre objectif avec aisance et satisfaction<\/strong>.\u00a0<\/span><\/p>\n<p style=\"text-align: center;\"><span style=\"color: #808080;\">Prenez un rdv t\u00e9l\u00e9phonique via Calendly de 30 minutes<\/span><br \/><span style=\"color: #808080;\">sans engagement<\/span><\/p>\n\n\n\n<!-- D\u00e9but de widget en ligne Calendly -->\n<div class=\"calendly-inline-widget\" data-url=\"https:\/\/calendly.com\/vitalsophro\/30min\" style=\"min-width:320px;height:700px;\"><\/div>\n<script type=\"text\/javascript\" src=\"https:\/\/assets.calendly.com\/assets\/external\/widget.js\" async><\/script>\n<!-- Fin de widget en ligne Calendly -->\n\n\n\n<p class=\"has-text-align-center\"><em>L&rsquo;hypnose n&rsquo;est pas une pratique m\u00e9dicale et ne se substitue pas<br>\u00e0 un traitement m\u00e9dical.<\/em><\/p>\n","protected":false},"excerpt":{"rendered":"<p>Fatigu\u00e9(e) des r\u00e9gimes draconiens qui vous laissent affam\u00e9(e) et frustr\u00e9(e) ? Avez-vous d\u00e9j\u00e0 r\u00eav\u00e9 de retrouver votre poids\u00a0 de forme sans avoir \u00e0 vous priver de vos aliments pr\u00e9f\u00e9r\u00e9s, sans compter les calories, et surtout, sans subir de chirurgie invasive ? Si oui, laissez-moi vous pr\u00e9senter une approche novatrice : l&rsquo;anneau gastrique virtuel hypnotique. En &hellip; <a href=\"https:\/\/ibsophrologie.fr\/index.php\/transformez-votre-silhouette-sans-chirurgie-ni-privation-avec-lanneau-gastrique-virtuel-par-lhypnose\/\" class=\"more-link\">Continuer la lecture<span class=\"screen-reader-text\"> de &laquo;&nbsp;Mincir naturellement avec  l&rsquo;anneau gastrique virtuel, disponible en visioconf\u00e9rence ou en pr\u00e9sentiel !&nbsp;&raquo;<\/span><\/a><\/p>\n","protected":false},"author":1,"featured_media":0,"parent":0,"menu_order":0,"comment_status":"closed","ping_status":"closed","template":"","meta":{"_monsterinsights_skip_tracking":false,"_monsterinsights_sitenote_active":false,"_monsterinsights_sitenote_note":"","_monsterinsights_sitenote_category":0,"footnotes":""},"class_list":["post-3270","page","type-page","status-publish","hentry"],"yoast_head":"<!-- This site is optimized with the Yoast SEO plugin v27.5 - https:\/\/yoast.com\/product\/yoast-seo-wordpress\/ -->\n<title>Mincir naturellement avec l&#039;anneau gastrique virtuel, disponible en visioconf\u00e9rence ou en pr\u00e9sentiel ! - Isabelle Breton 06 72 34 06 69 | Sophrologie - Hypnose - Sonoth\u00e9rapie - Paris 19 | Sp\u00e9cialiste Stress, Poids &amp; Tabac<\/title>\n<meta name=\"robots\" content=\"index, follow, max-snippet:-1, max-image-preview:large, max-video-preview:-1\" \/>\n<link rel=\"canonical\" href=\"https:\/\/ibsophrologie.fr\/index.php\/transformez-votre-silhouette-sans-chirurgie-ni-privation-avec-lanneau-gastrique-virtuel-par-lhypnose\/\" \/>\n<meta property=\"og:locale\" content=\"fr_FR\" \/>\n<meta property=\"og:type\" content=\"article\" \/>\n<meta property=\"og:title\" content=\"Mincir naturellement avec l&#039;anneau gastrique virtuel, disponible en visioconf\u00e9rence ou en pr\u00e9sentiel ! - Isabelle Breton 06 72 34 06 69 | Sophrologie - Hypnose - Sonoth\u00e9rapie - Paris 19 | Sp\u00e9cialiste Stress, Poids &amp; Tabac\" \/>\n<meta property=\"og:description\" content=\"Fatigu\u00e9(e) des r\u00e9gimes draconiens qui vous laissent affam\u00e9(e) et frustr\u00e9(e) ? Avez-vous d\u00e9j\u00e0 r\u00eav\u00e9 de retrouver votre poids\u00a0 de forme sans avoir \u00e0 vous priver de vos aliments pr\u00e9f\u00e9r\u00e9s, sans compter les calories, et surtout, sans subir de chirurgie invasive ? Si oui, laissez-moi vous pr\u00e9senter une approche novatrice : l&rsquo;anneau gastrique virtuel hypnotique. En &hellip; Continuer la lecture de &laquo;&nbsp;Mincir naturellement avec l&rsquo;anneau gastrique virtuel, disponible en visioconf\u00e9rence ou en pr\u00e9sentiel !&nbsp;&raquo;\" \/>\n<meta property=\"og:url\" content=\"https:\/\/ibsophrologie.fr\/index.php\/transformez-votre-silhouette-sans-chirurgie-ni-privation-avec-lanneau-gastrique-virtuel-par-lhypnose\/\" \/>\n<meta property=\"og:site_name\" content=\"Isabelle Breton 06 72 34 06 69 | Sophrologie - Hypnose - Sonoth\u00e9rapie - Paris 19 | Sp\u00e9cialiste Stress, Poids &amp; Tabac\" \/>\n<meta property=\"article:modified_time\" content=\"2025-02-06T14:21:39+00:00\" \/>\n<meta property=\"og:image\" content=\"https:\/\/ibsophrologie.fr\/wp-content\/uploads\/2024\/05\/pexels-thought-catalog-317580-2228585-scaled.jpg\" \/>\n\t<meta property=\"og:image:width\" content=\"2560\" \/>\n\t<meta property=\"og:image:height\" content=\"1707\" \/>\n\t<meta property=\"og:image:type\" content=\"image\/jpeg\" \/>\n<meta name=\"twitter:card\" content=\"summary_large_image\" \/>\n<meta name=\"twitter:label1\" content=\"Dur\u00e9e de lecture estim\u00e9e\" \/>\n\t<meta name=\"twitter:data1\" content=\"3 minutes\" \/>\n<script type=\"application\/ld+json\" class=\"yoast-schema-graph\">{\"@context\":\"https:\\\/\\\/schema.org\",\"@graph\":[{\"@type\":\"WebPage\",\"@id\":\"https:\\\/\\\/ibsophrologie.fr\\\/index.php\\\/transformez-votre-silhouette-sans-chirurgie-ni-privation-avec-lanneau-gastrique-virtuel-par-lhypnose\\\/\",\"url\":\"https:\\\/\\\/ibsophrologie.fr\\\/index.php\\\/transformez-votre-silhouette-sans-chirurgie-ni-privation-avec-lanneau-gastrique-virtuel-par-lhypnose\\\/\",\"name\":\"Mincir naturellement avec l'anneau gastrique virtuel, disponible en visioconf\u00e9rence ou en pr\u00e9sentiel ! - Isabelle Breton 06 72 34 06 69 | Sophrologie - Hypnose - Sonoth\u00e9rapie - Paris 19 | Sp\u00e9cialiste Stress, Poids &amp; Tabac\",\"isPartOf\":{\"@id\":\"https:\\\/\\\/ibsophrologie.fr\\\/#website\"},\"primaryImageOfPage\":{\"@id\":\"https:\\\/\\\/ibsophrologie.fr\\\/index.php\\\/transformez-votre-silhouette-sans-chirurgie-ni-privation-avec-lanneau-gastrique-virtuel-par-lhypnose\\\/#primaryimage\"},\"image\":{\"@id\":\"https:\\\/\\\/ibsophrologie.fr\\\/index.php\\\/transformez-votre-silhouette-sans-chirurgie-ni-privation-avec-lanneau-gastrique-virtuel-par-lhypnose\\\/#primaryimage\"},\"thumbnailUrl\":\"https:\\\/\\\/ibsophrologie.fr\\\/wp-content\\\/uploads\\\/2024\\\/05\\\/pexels-thought-catalog-317580-2228585-300x200.jpg\",\"datePublished\":\"2024-04-30T18:26:23+00:00\",\"dateModified\":\"2025-02-06T14:21:39+00:00\",\"breadcrumb\":{\"@id\":\"https:\\\/\\\/ibsophrologie.fr\\\/index.php\\\/transformez-votre-silhouette-sans-chirurgie-ni-privation-avec-lanneau-gastrique-virtuel-par-lhypnose\\\/#breadcrumb\"},\"inLanguage\":\"fr-FR\",\"potentialAction\":[{\"@type\":\"ReadAction\",\"target\":[\"https:\\\/\\\/ibsophrologie.fr\\\/index.php\\\/transformez-votre-silhouette-sans-chirurgie-ni-privation-avec-lanneau-gastrique-virtuel-par-lhypnose\\\/\"]}]},{\"@type\":\"ImageObject\",\"inLanguage\":\"fr-FR\",\"@id\":\"https:\\\/\\\/ibsophrologie.fr\\\/index.php\\\/transformez-votre-silhouette-sans-chirurgie-ni-privation-avec-lanneau-gastrique-virtuel-par-lhypnose\\\/#primaryimage\",\"url\":\"https:\\\/\\\/ibsophrologie.fr\\\/wp-content\\\/uploads\\\/2024\\\/05\\\/pexels-thought-catalog-317580-2228585-scaled.jpg\",\"contentUrl\":\"https:\\\/\\\/ibsophrologie.fr\\\/wp-content\\\/uploads\\\/2024\\\/05\\\/pexels-thought-catalog-317580-2228585-scaled.jpg\",\"width\":2560,\"height\":1707},{\"@type\":\"BreadcrumbList\",\"@id\":\"https:\\\/\\\/ibsophrologie.fr\\\/index.php\\\/transformez-votre-silhouette-sans-chirurgie-ni-privation-avec-lanneau-gastrique-virtuel-par-lhypnose\\\/#breadcrumb\",\"itemListElement\":[{\"@type\":\"ListItem\",\"position\":1,\"name\":\"Accueil\",\"item\":\"https:\\\/\\\/ibsophrologie.fr\\\/\"},{\"@type\":\"ListItem\",\"position\":2,\"name\":\"Mincir naturellement avec l&rsquo;anneau gastrique virtuel, disponible en visioconf\u00e9rence ou en pr\u00e9sentiel !\"}]},{\"@type\":\"WebSite\",\"@id\":\"https:\\\/\\\/ibsophrologie.fr\\\/#website\",\"url\":\"https:\\\/\\\/ibsophrologie.fr\\\/\",\"name\":\"Isabelle Breton 06 72 34 06 69 | Sophrologie - Hypnose - Sonoth\u00e9rapie - Paris 19 | Sp\u00e9cialiste Stress, Poids &amp; Tabac\",\"description\":\"&quot;Etre toujours attentif \u00e0 ce qui est, c&#039;est le principe de base qui permet de red\u00e9couvrir la beaut\u00e9 des choses et sa propre existence&quot;\",\"potentialAction\":[{\"@type\":\"SearchAction\",\"target\":{\"@type\":\"EntryPoint\",\"urlTemplate\":\"https:\\\/\\\/ibsophrologie.fr\\\/?s={search_term_string}\"},\"query-input\":{\"@type\":\"PropertyValueSpecification\",\"valueRequired\":true,\"valueName\":\"search_term_string\"}}],\"inLanguage\":\"fr-FR\"}]}<\/script>\n<!-- \/ Yoast SEO plugin. -->","yoast_head_json":{"title":"Mincir naturellement avec l'anneau gastrique virtuel, disponible en visioconf\u00e9rence ou en pr\u00e9sentiel ! - Isabelle Breton 06 72 34 06 69 | Sophrologie - Hypnose - Sonoth\u00e9rapie - Paris 19 | Sp\u00e9cialiste Stress, Poids &amp; Tabac","robots":{"index":"index","follow":"follow","max-snippet":"max-snippet:-1","max-image-preview":"max-image-preview:large","max-video-preview":"max-video-preview:-1"},"canonical":"https:\/\/ibsophrologie.fr\/index.php\/transformez-votre-silhouette-sans-chirurgie-ni-privation-avec-lanneau-gastrique-virtuel-par-lhypnose\/","og_locale":"fr_FR","og_type":"article","og_title":"Mincir naturellement avec l'anneau gastrique virtuel, disponible en visioconf\u00e9rence ou en pr\u00e9sentiel ! - Isabelle Breton 06 72 34 06 69 | Sophrologie - Hypnose - Sonoth\u00e9rapie - Paris 19 | Sp\u00e9cialiste Stress, Poids &amp; Tabac","og_description":"Fatigu\u00e9(e) des r\u00e9gimes draconiens qui vous laissent affam\u00e9(e) et frustr\u00e9(e) ? Avez-vous d\u00e9j\u00e0 r\u00eav\u00e9 de retrouver votre poids\u00a0 de forme sans avoir \u00e0 vous priver de vos aliments pr\u00e9f\u00e9r\u00e9s, sans compter les calories, et surtout, sans subir de chirurgie invasive ? Si oui, laissez-moi vous pr\u00e9senter une approche novatrice : l&rsquo;anneau gastrique virtuel hypnotique. En &hellip; Continuer la lecture de &laquo;&nbsp;Mincir naturellement avec l&rsquo;anneau gastrique virtuel, disponible en visioconf\u00e9rence ou en pr\u00e9sentiel !&nbsp;&raquo;","og_url":"https:\/\/ibsophrologie.fr\/index.php\/transformez-votre-silhouette-sans-chirurgie-ni-privation-avec-lanneau-gastrique-virtuel-par-lhypnose\/","og_site_name":"Isabelle Breton 06 72 34 06 69 | Sophrologie - Hypnose - Sonoth\u00e9rapie - Paris 19 | Sp\u00e9cialiste Stress, Poids &amp; Tabac","article_modified_time":"2025-02-06T14:21:39+00:00","og_image":[{"width":2560,"height":1707,"url":"https:\/\/ibsophrologie.fr\/wp-content\/uploads\/2024\/05\/pexels-thought-catalog-317580-2228585-scaled.jpg","type":"image\/jpeg"}],"twitter_card":"summary_large_image","twitter_misc":{"Dur\u00e9e de lecture estim\u00e9e":"3 minutes"},"schema":{"@context":"https:\/\/schema.org","@graph":[{"@type":"WebPage","@id":"https:\/\/ibsophrologie.fr\/index.php\/transformez-votre-silhouette-sans-chirurgie-ni-privation-avec-lanneau-gastrique-virtuel-par-lhypnose\/","url":"https:\/\/ibsophrologie.fr\/index.php\/transformez-votre-silhouette-sans-chirurgie-ni-privation-avec-lanneau-gastrique-virtuel-par-lhypnose\/","name":"Mincir naturellement avec l'anneau gastrique virtuel, disponible en visioconf\u00e9rence ou en pr\u00e9sentiel ! - Isabelle Breton 06 72 34 06 69 | Sophrologie - Hypnose - Sonoth\u00e9rapie - Paris 19 | Sp\u00e9cialiste Stress, Poids &amp; Tabac","isPartOf":{"@id":"https:\/\/ibsophrologie.fr\/#website"},"primaryImageOfPage":{"@id":"https:\/\/ibsophrologie.fr\/index.php\/transformez-votre-silhouette-sans-chirurgie-ni-privation-avec-lanneau-gastrique-virtuel-par-lhypnose\/#primaryimage"},"image":{"@id":"https:\/\/ibsophrologie.fr\/index.php\/transformez-votre-silhouette-sans-chirurgie-ni-privation-avec-lanneau-gastrique-virtuel-par-lhypnose\/#primaryimage"},"thumbnailUrl":"https:\/\/ibsophrologie.fr\/wp-content\/uploads\/2024\/05\/pexels-thought-catalog-317580-2228585-300x200.jpg","datePublished":"2024-04-30T18:26:23+00:00","dateModified":"2025-02-06T14:21:39+00:00","breadcrumb":{"@id":"https:\/\/ibsophrologie.fr\/index.php\/transformez-votre-silhouette-sans-chirurgie-ni-privation-avec-lanneau-gastrique-virtuel-par-lhypnose\/#breadcrumb"},"inLanguage":"fr-FR","potentialAction":[{"@type":"ReadAction","target":["https:\/\/ibsophrologie.fr\/index.php\/transformez-votre-silhouette-sans-chirurgie-ni-privation-avec-lanneau-gastrique-virtuel-par-lhypnose\/"]}]},{"@type":"ImageObject","inLanguage":"fr-FR","@id":"https:\/\/ibsophrologie.fr\/index.php\/transformez-votre-silhouette-sans-chirurgie-ni-privation-avec-lanneau-gastrique-virtuel-par-lhypnose\/#primaryimage","url":"https:\/\/ibsophrologie.fr\/wp-content\/uploads\/2024\/05\/pexels-thought-catalog-317580-2228585-scaled.jpg","contentUrl":"https:\/\/ibsophrologie.fr\/wp-content\/uploads\/2024\/05\/pexels-thought-catalog-317580-2228585-scaled.jpg","width":2560,"height":1707},{"@type":"BreadcrumbList","@id":"https:\/\/ibsophrologie.fr\/index.php\/transformez-votre-silhouette-sans-chirurgie-ni-privation-avec-lanneau-gastrique-virtuel-par-lhypnose\/#breadcrumb","itemListElement":[{"@type":"ListItem","position":1,"name":"Accueil","item":"https:\/\/ibsophrologie.fr\/"},{"@type":"ListItem","position":2,"name":"Mincir naturellement avec l&rsquo;anneau gastrique virtuel, disponible en visioconf\u00e9rence ou en pr\u00e9sentiel !"}]},{"@type":"WebSite","@id":"https:\/\/ibsophrologie.fr\/#website","url":"https:\/\/ibsophrologie.fr\/","name":"Isabelle Breton 06 72 34 06 69 | Sophrologie - Hypnose - Sonoth\u00e9rapie - Paris 19 | Sp\u00e9cialiste Stress, Poids &amp; Tabac","description":"&quot;Etre toujours attentif \u00e0 ce qui est, c&#039;est le principe de base qui permet de red\u00e9couvrir la beaut\u00e9 des choses et sa propre existence&quot;","potentialAction":[{"@type":"SearchAction","target":{"@type":"EntryPoint","urlTemplate":"https:\/\/ibsophrologie.fr\/?s={search_term_string}"},"query-input":{"@type":"PropertyValueSpecification","valueRequired":true,"valueName":"search_term_string"}}],"inLanguage":"fr-FR"}]}},"_links":{"self":[{"href":"https:\/\/ibsophrologie.fr\/index.php\/wp-json\/wp\/v2\/pages\/3270","targetHints":{"allow":["GET"]}}],"collection":[{"href":"https:\/\/ibsophrologie.fr\/index.php\/wp-json\/wp\/v2\/pages"}],"about":[{"href":"https:\/\/ibsophrologie.fr\/index.php\/wp-json\/wp\/v2\/types\/page"}],"author":[{"embeddable":true,"href":"https:\/\/ibsophrologie.fr\/index.php\/wp-json\/wp\/v2\/users\/1"}],"replies":[{"embeddable":true,"href":"https:\/\/ibsophrologie.fr\/index.php\/wp-json\/wp\/v2\/comments?post=3270"}],"version-history":[{"count":65,"href":"https:\/\/ibsophrologie.fr\/index.php\/wp-json\/wp\/v2\/pages\/3270\/revisions"}],"predecessor-version":[{"id":3556,"href":"https:\/\/ibsophrologie.fr\/index.php\/wp-json\/wp\/v2\/pages\/3270\/revisions\/3556"}],"wp:attachment":[{"href":"https:\/\/ibsophrologie.fr\/index.php\/wp-json\/wp\/v2\/media?parent=3270"}],"curies":[{"name":"wp","href":"https:\/\/api.w.org\/{rel}","templated":true}]}}