{"id":463,"date":"2018-03-02T13:36:33","date_gmt":"2018-03-02T12:36:33","guid":{"rendered":"https:\/\/ibsophrologie.fr\/?page_id=463"},"modified":"2024-06-04T17:01:33","modified_gmt":"2024-06-04T15:01:33","slug":"prestations-tarifs-individuelles-et-collectives","status":"publish","type":"page","link":"https:\/\/ibsophrologie.fr\/index.php\/prestations-tarifs-individuelles-et-collectives\/","title":{"rendered":""},"content":{"rendered":"<h3 style=\"text-align: center;\"><span style=\"font-family: arial, helvetica, sans-serif; color: #808080;\"><strong>Offrez &#8211; vous une s\u00e9ance d\u00e9couverte<\/strong><br \/><strong>de 45 minutes pour seulement 50 \u20ac<br \/>en sophrologie, en hypnose, en sonoth\u00e9rapie<br \/>ou un massage Kansu.<br \/><\/strong><\/span><strong style=\"color: #333333; font-family: arial, helvetica, sans-serif;\"><span style=\"color: #808080;\">Laissez &#8211; vous tenter : <\/span><\/strong><span style=\"color: #808080;\">06 72 34 06<\/span><span style=\"color: #808080;\"> 69<\/span><\/h3>\n<h5 style=\"text-align: center;\"><span style=\"color: #808080; font-family: arial, helvetica, sans-serif;\"><b>S\u00e9ances individuelles &#8211; <\/b>Sophrologie &#8211; Hypnose Ericksonienne &#8211; Sonoth\u00e9rapie\u00a0<br \/><b>en cabinet, \u00e0 votre domicile ou en visioconf\u00e9rence par Skype<br \/>ou WhastApp<\/b><\/span><\/h5>\n<p style=\"text-align: center;\"><em style=\"color: #808080; font-size: revert;\">Toute s\u00e9ance annul\u00e9e moins de 24h avant le rendez-vous est due.<\/em><\/p>\n\n\n<figure class=\"wp-block-gallery has-nested-images columns-default is-cropped wp-block-gallery-1 is-layout-flex wp-block-gallery-is-layout-flex\">\n<figure class=\"wp-block-image size-large\"><img loading=\"lazy\" decoding=\"async\" width=\"1024\" height=\"576\" data-id=\"3581\" src=\"https:\/\/ibsophrologie.fr\/wp-content\/uploads\/2024\/06\/Tarifs-themes-4-juin24-1-1024x576.png\" alt=\"\" class=\"wp-image-3581\" srcset=\"https:\/\/ibsophrologie.fr\/wp-content\/uploads\/2024\/06\/Tarifs-themes-4-juin24-1-1024x576.png 1024w, https:\/\/ibsophrologie.fr\/wp-content\/uploads\/2024\/06\/Tarifs-themes-4-juin24-1-300x169.png 300w, https:\/\/ibsophrologie.fr\/wp-content\/uploads\/2024\/06\/Tarifs-themes-4-juin24-1-768x432.png 768w, https:\/\/ibsophrologie.fr\/wp-content\/uploads\/2024\/06\/Tarifs-themes-4-juin24-1-1536x864.png 1536w, https:\/\/ibsophrologie.fr\/wp-content\/uploads\/2024\/06\/Tarifs-themes-4-juin24-1-1200x675.png 1200w, https:\/\/ibsophrologie.fr\/wp-content\/uploads\/2024\/06\/Tarifs-themes-4-juin24-1.png 1920w\" sizes=\"auto, (max-width: 709px) 85vw, (max-width: 909px) 67vw, (max-width: 1362px) 62vw, 840px\" \/><\/figure>\n<\/figure>\n\n\n\n\n\n<figure class=\"wp-block-gallery has-nested-images columns-default is-cropped wp-block-gallery-2 is-layout-flex wp-block-gallery-is-layout-flex\">\n<figure class=\"wp-block-image size-large\"><img loading=\"lazy\" decoding=\"async\" width=\"1024\" height=\"576\" data-id=\"3588\" src=\"https:\/\/ibsophrologie.fr\/wp-content\/uploads\/2024\/06\/Tarifs-seances-collectives-24-1-1024x576.png\" alt=\"\" class=\"wp-image-3588\" srcset=\"https:\/\/ibsophrologie.fr\/wp-content\/uploads\/2024\/06\/Tarifs-seances-collectives-24-1-1024x576.png 1024w, https:\/\/ibsophrologie.fr\/wp-content\/uploads\/2024\/06\/Tarifs-seances-collectives-24-1-300x169.png 300w, https:\/\/ibsophrologie.fr\/wp-content\/uploads\/2024\/06\/Tarifs-seances-collectives-24-1-768x432.png 768w, https:\/\/ibsophrologie.fr\/wp-content\/uploads\/2024\/06\/Tarifs-seances-collectives-24-1-1536x864.png 1536w, https:\/\/ibsophrologie.fr\/wp-content\/uploads\/2024\/06\/Tarifs-seances-collectives-24-1-1200x675.png 1200w, https:\/\/ibsophrologie.fr\/wp-content\/uploads\/2024\/06\/Tarifs-seances-collectives-24-1.png 1920w\" sizes=\"auto, (max-width: 709px) 85vw, (max-width: 909px) 67vw, (max-width: 1362px) 62vw, 840px\" \/><\/figure>\n<\/figure>\n","protected":false},"excerpt":{"rendered":"<p>Offrez &#8211; vous une s\u00e9ance d\u00e9couvertede 45 minutes pour seulement 50 \u20acen sophrologie, en hypnose, en sonoth\u00e9rapieou un massage Kansu.Laissez &#8211; vous tenter : 06 72 34 06 69 S\u00e9ances individuelles &#8211; Sophrologie &#8211; Hypnose Ericksonienne &#8211; Sonoth\u00e9rapie\u00a0en cabinet, \u00e0 votre domicile ou en visioconf\u00e9rence par Skypeou WhastApp Toute s\u00e9ance annul\u00e9e moins de 24h avant &hellip; <a href=\"https:\/\/ibsophrologie.fr\/index.php\/prestations-tarifs-individuelles-et-collectives\/\" class=\"more-link\">Continuer la lecture<span class=\"screen-reader-text\"> de &laquo;&nbsp;&nbsp;&raquo;<\/span><\/a><\/p>\n","protected":false},"author":1,"featured_media":0,"parent":0,"menu_order":0,"comment_status":"closed","ping_status":"closed","template":"","meta":{"_monsterinsights_skip_tracking":false,"_monsterinsights_sitenote_active":false,"_monsterinsights_sitenote_note":"","_monsterinsights_sitenote_category":0,"footnotes":""},"class_list":["post-463","page","type-page","status-publish","hentry"],"yoast_head":"<!-- This site is optimized with the Yoast SEO plugin v27.4 - https:\/\/yoast.com\/product\/yoast-seo-wordpress\/ -->\n<title>Prestations -Tarifs<\/title>\n<meta name=\"description\" content=\"D\u00e9couvrez nos prestations en Sophrologie, Sonoth\u00e9rapie, Massage Kansu lors d&#039;une s\u00e9ance de 45 minutes au tarif de 50\u20ac.\" \/>\n<meta name=\"robots\" content=\"index, follow, max-snippet:-1, max-image-preview:large, max-video-preview:-1\" \/>\n<link rel=\"canonical\" href=\"https:\/\/ibsophrologie.fr\/index.php\/prestations-tarifs-individuelles-et-collectives\/\" \/>\n<meta property=\"og:locale\" content=\"fr_FR\" \/>\n<meta property=\"og:type\" content=\"article\" \/>\n<meta property=\"og:title\" content=\"Prestations -Tarifs\" \/>\n<meta property=\"og:description\" content=\"D\u00e9couvrez nos prestations en Sophrologie, Sonoth\u00e9rapie, Massage Kansu lors d&#039;une s\u00e9ance de 45 minutes au tarif de 50\u20ac.\" \/>\n<meta property=\"og:url\" content=\"https:\/\/ibsophrologie.fr\/index.php\/prestations-tarifs-individuelles-et-collectives\/\" \/>\n<meta property=\"og:site_name\" content=\"Isabelle Breton 06 72 34 06 69 | Sophrologie - Hypnose - Sonoth\u00e9rapie - Paris 19 | Sp\u00e9cialiste Stress, Poids &amp; Tabac\" \/>\n<meta property=\"article:modified_time\" content=\"2024-06-04T15:01:33+00:00\" \/>\n<meta property=\"og:image\" content=\"https:\/\/ibsophrologie.fr\/wp-content\/uploads\/2024\/06\/Tarifs-themes-4-juin24-1-1024x576.png\" \/>\n<meta name=\"twitter:card\" content=\"summary_large_image\" \/>\n<meta name=\"twitter:label1\" content=\"Dur\u00e9e de lecture estim\u00e9e\" \/>\n\t<meta name=\"twitter:data1\" content=\"1 minute\" \/>\n<script type=\"application\/ld+json\" class=\"yoast-schema-graph\">{\"@context\":\"https:\\\/\\\/schema.org\",\"@graph\":[{\"@type\":\"WebPage\",\"@id\":\"https:\\\/\\\/ibsophrologie.fr\\\/index.php\\\/prestations-tarifs-individuelles-et-collectives\\\/\",\"url\":\"https:\\\/\\\/ibsophrologie.fr\\\/index.php\\\/prestations-tarifs-individuelles-et-collectives\\\/\",\"name\":\"Prestations -Tarifs\",\"isPartOf\":{\"@id\":\"https:\\\/\\\/ibsophrologie.fr\\\/#website\"},\"primaryImageOfPage\":{\"@id\":\"https:\\\/\\\/ibsophrologie.fr\\\/index.php\\\/prestations-tarifs-individuelles-et-collectives\\\/#primaryimage\"},\"image\":{\"@id\":\"https:\\\/\\\/ibsophrologie.fr\\\/index.php\\\/prestations-tarifs-individuelles-et-collectives\\\/#primaryimage\"},\"thumbnailUrl\":\"https:\\\/\\\/ibsophrologie.fr\\\/wp-content\\\/uploads\\\/2024\\\/06\\\/Tarifs-themes-4-juin24-1-1024x576.png\",\"datePublished\":\"2018-03-02T12:36:33+00:00\",\"dateModified\":\"2024-06-04T15:01:33+00:00\",\"description\":\"D\u00e9couvrez nos prestations en Sophrologie, Sonoth\u00e9rapie, Massage Kansu lors d'une s\u00e9ance de 45 minutes au tarif de 50\u20ac.\",\"inLanguage\":\"fr-FR\",\"potentialAction\":[{\"@type\":\"ReadAction\",\"target\":[\"https:\\\/\\\/ibsophrologie.fr\\\/index.php\\\/prestations-tarifs-individuelles-et-collectives\\\/\"]}]},{\"@type\":\"ImageObject\",\"inLanguage\":\"fr-FR\",\"@id\":\"https:\\\/\\\/ibsophrologie.fr\\\/index.php\\\/prestations-tarifs-individuelles-et-collectives\\\/#primaryimage\",\"url\":\"https:\\\/\\\/ibsophrologie.fr\\\/wp-content\\\/uploads\\\/2024\\\/06\\\/Tarifs-themes-4-juin24-1.png\",\"contentUrl\":\"https:\\\/\\\/ibsophrologie.fr\\\/wp-content\\\/uploads\\\/2024\\\/06\\\/Tarifs-themes-4-juin24-1.png\",\"width\":1920,\"height\":1080},{\"@type\":\"WebSite\",\"@id\":\"https:\\\/\\\/ibsophrologie.fr\\\/#website\",\"url\":\"https:\\\/\\\/ibsophrologie.fr\\\/\",\"name\":\"Isabelle Breton 06 72 34 06 69 | Sophrologie - Hypnose - Sonoth\u00e9rapie - Paris 19 | Sp\u00e9cialiste Stress, Poids &amp; Tabac\",\"description\":\"&quot;Etre toujours attentif \u00e0 ce qui est, c&#039;est le principe de base qui permet de red\u00e9couvrir la beaut\u00e9 des choses et sa propre existence&quot;\",\"potentialAction\":[{\"@type\":\"SearchAction\",\"target\":{\"@type\":\"EntryPoint\",\"urlTemplate\":\"https:\\\/\\\/ibsophrologie.fr\\\/?s={search_term_string}\"},\"query-input\":{\"@type\":\"PropertyValueSpecification\",\"valueRequired\":true,\"valueName\":\"search_term_string\"}}],\"inLanguage\":\"fr-FR\"}]}<\/script>\n<!-- \/ Yoast SEO plugin. -->","yoast_head_json":{"title":"Prestations -Tarifs","description":"D\u00e9couvrez nos prestations en Sophrologie, Sonoth\u00e9rapie, Massage Kansu lors d'une s\u00e9ance de 45 minutes au tarif de 50\u20ac.","robots":{"index":"index","follow":"follow","max-snippet":"max-snippet:-1","max-image-preview":"max-image-preview:large","max-video-preview":"max-video-preview:-1"},"canonical":"https:\/\/ibsophrologie.fr\/index.php\/prestations-tarifs-individuelles-et-collectives\/","og_locale":"fr_FR","og_type":"article","og_title":"Prestations -Tarifs","og_description":"D\u00e9couvrez nos prestations en Sophrologie, Sonoth\u00e9rapie, Massage Kansu lors d'une s\u00e9ance de 45 minutes au tarif de 50\u20ac.","og_url":"https:\/\/ibsophrologie.fr\/index.php\/prestations-tarifs-individuelles-et-collectives\/","og_site_name":"Isabelle Breton 06 72 34 06 69 | Sophrologie - Hypnose - Sonoth\u00e9rapie - Paris 19 | Sp\u00e9cialiste Stress, Poids &amp; Tabac","article_modified_time":"2024-06-04T15:01:33+00:00","og_image":[{"url":"https:\/\/ibsophrologie.fr\/wp-content\/uploads\/2024\/06\/Tarifs-themes-4-juin24-1-1024x576.png","type":"","width":"","height":""}],"twitter_card":"summary_large_image","twitter_misc":{"Dur\u00e9e de lecture estim\u00e9e":"1 minute"},"schema":{"@context":"https:\/\/schema.org","@graph":[{"@type":"WebPage","@id":"https:\/\/ibsophrologie.fr\/index.php\/prestations-tarifs-individuelles-et-collectives\/","url":"https:\/\/ibsophrologie.fr\/index.php\/prestations-tarifs-individuelles-et-collectives\/","name":"Prestations -Tarifs","isPartOf":{"@id":"https:\/\/ibsophrologie.fr\/#website"},"primaryImageOfPage":{"@id":"https:\/\/ibsophrologie.fr\/index.php\/prestations-tarifs-individuelles-et-collectives\/#primaryimage"},"image":{"@id":"https:\/\/ibsophrologie.fr\/index.php\/prestations-tarifs-individuelles-et-collectives\/#primaryimage"},"thumbnailUrl":"https:\/\/ibsophrologie.fr\/wp-content\/uploads\/2024\/06\/Tarifs-themes-4-juin24-1-1024x576.png","datePublished":"2018-03-02T12:36:33+00:00","dateModified":"2024-06-04T15:01:33+00:00","description":"D\u00e9couvrez nos prestations en Sophrologie, Sonoth\u00e9rapie, Massage Kansu lors d'une s\u00e9ance de 45 minutes au tarif de 50\u20ac.","inLanguage":"fr-FR","potentialAction":[{"@type":"ReadAction","target":["https:\/\/ibsophrologie.fr\/index.php\/prestations-tarifs-individuelles-et-collectives\/"]}]},{"@type":"ImageObject","inLanguage":"fr-FR","@id":"https:\/\/ibsophrologie.fr\/index.php\/prestations-tarifs-individuelles-et-collectives\/#primaryimage","url":"https:\/\/ibsophrologie.fr\/wp-content\/uploads\/2024\/06\/Tarifs-themes-4-juin24-1.png","contentUrl":"https:\/\/ibsophrologie.fr\/wp-content\/uploads\/2024\/06\/Tarifs-themes-4-juin24-1.png","width":1920,"height":1080},{"@type":"WebSite","@id":"https:\/\/ibsophrologie.fr\/#website","url":"https:\/\/ibsophrologie.fr\/","name":"Isabelle Breton 06 72 34 06 69 | Sophrologie - Hypnose - Sonoth\u00e9rapie - Paris 19 | Sp\u00e9cialiste Stress, Poids &amp; Tabac","description":"&quot;Etre toujours attentif \u00e0 ce qui est, c&#039;est le principe de base qui permet de red\u00e9couvrir la beaut\u00e9 des choses et sa propre existence&quot;","potentialAction":[{"@type":"SearchAction","target":{"@type":"EntryPoint","urlTemplate":"https:\/\/ibsophrologie.fr\/?s={search_term_string}"},"query-input":{"@type":"PropertyValueSpecification","valueRequired":true,"valueName":"search_term_string"}}],"inLanguage":"fr-FR"}]}},"_links":{"self":[{"href":"https:\/\/ibsophrologie.fr\/index.php\/wp-json\/wp\/v2\/pages\/463","targetHints":{"allow":["GET"]}}],"collection":[{"href":"https:\/\/ibsophrologie.fr\/index.php\/wp-json\/wp\/v2\/pages"}],"about":[{"href":"https:\/\/ibsophrologie.fr\/index.php\/wp-json\/wp\/v2\/types\/page"}],"author":[{"embeddable":true,"href":"https:\/\/ibsophrologie.fr\/index.php\/wp-json\/wp\/v2\/users\/1"}],"replies":[{"embeddable":true,"href":"https:\/\/ibsophrologie.fr\/index.php\/wp-json\/wp\/v2\/comments?post=463"}],"version-history":[{"count":111,"href":"https:\/\/ibsophrologie.fr\/index.php\/wp-json\/wp\/v2\/pages\/463\/revisions"}],"predecessor-version":[{"id":3590,"href":"https:\/\/ibsophrologie.fr\/index.php\/wp-json\/wp\/v2\/pages\/463\/revisions\/3590"}],"wp:attachment":[{"href":"https:\/\/ibsophrologie.fr\/index.php\/wp-json\/wp\/v2\/media?parent=463"}],"curies":[{"name":"wp","href":"https:\/\/api.w.org\/{rel}","templated":true}]}}